{"id":6798,"date":"2025-05-14T14:50:29","date_gmt":"2025-05-14T14:50:29","guid":{"rendered":"https:\/\/oceatlan.es\/?page_id=6798"},"modified":"2025-05-29T11:56:26","modified_gmt":"2025-05-29T11:56:26","slug":"ensayos-de-laboratorio-y-en-planta-piloto","status":"publish","type":"page","link":"https:\/\/oceatlan.es\/en\/servicios\/ensayos-de-laboratorio-y-en-planta-piloto\/","title":{"rendered":"Laboratory and pilot plant tests"},"content":{"rendered":"<div data-elementor-type=\"wp-page\" data-elementor-id=\"6798\" class=\"elementor elementor-6798\">\n\t\t\t\t\t\t<section class=\"elementor-section elementor-top-section elementor-element elementor-element-c1a6697 elementor-section-full_width elementor-section-height-default elementor-section-height-default\" data-id=\"c1a6697\" data-element_type=\"section\" data-settings=\"{&quot;background_background&quot;:&quot;classic&quot;}\">\n\t\t\t\t\t\t<div class=\"elementor-container elementor-column-gap-no\">\n\t\t\t\t\t<div class=\"elementor-column elementor-col-100 elementor-top-column elementor-element elementor-element-6f736bd\" data-id=\"6f736bd\" data-element_type=\"column\" data-settings=\"{&quot;background_background&quot;:&quot;slideshow&quot;,&quot;background_slideshow_gallery&quot;:[],&quot;background_slideshow_loop&quot;:&quot;yes&quot;,&quot;background_slideshow_slide_duration&quot;:5000,&quot;background_slideshow_slide_transition&quot;:&quot;fade&quot;,&quot;background_slideshow_transition_duration&quot;:500}\">\n\t\t\t<div class=\"elementor-widget-wrap elementor-element-populated\">\n\t\t\t\t\t\t<div class=\"elementor-element elementor-element-3567173 elementor-widget__width-initial elementor-widget elementor-widget-heading\" data-id=\"3567173\" data-element_type=\"widget\" data-widget_type=\"heading.default\">\n\t\t\t\t<div class=\"elementor-widget-container\">\n\t\t\t\t\t<h2 class=\"elementor-heading-title elementor-size-default\">Laboratory and pilot plant testing<\/h2>\t\t\t\t<\/div>\n\t\t\t\t<\/div>\n\t\t\t\t<div class=\"elementor-element elementor-element-7ce4204 elementor-widget-mobile__width-initial elementor-widget elementor-widget-text-editor\" data-id=\"7ce4204\" data-element_type=\"widget\" data-widget_type=\"text-editor.default\">\n\t\t\t\t<div class=\"elementor-widget-container\">\n\t\t\t\t\t\t\t\t\t<p><span style=\"color: #339966;\">ATLAN &gt;<\/span> Laboratory and pilot plant testing<\/p>\t\t\t\t\t\t\t\t<\/div>\n\t\t\t\t<\/div>\n\t\t\t\t\t<\/div>\n\t\t<\/div>\n\t\t\t\t\t<\/div>\n\t\t<\/section>\n\t\t\t\t<section class=\"elementor-section elementor-top-section elementor-element elementor-element-be623ce elementor-section-boxed elementor-section-height-default elementor-section-height-default\" data-id=\"be623ce\" data-element_type=\"section\" data-settings=\"{&quot;background_background&quot;:&quot;classic&quot;}\">\n\t\t\t\t\t\t<div class=\"elementor-container elementor-column-gap-no\">\n\t\t\t\t\t<div class=\"elementor-column elementor-col-100 elementor-top-column elementor-element elementor-element-e900bb7\" data-id=\"e900bb7\" data-element_type=\"column\">\n\t\t\t<div class=\"elementor-widget-wrap elementor-element-populated\">\n\t\t\t\t\t\t<div class=\"elementor-element elementor-element-c6d1cf1 elementor-widget elementor-widget-ecofinecore_about\" data-id=\"c6d1cf1\" data-element_type=\"widget\" data-widget_type=\"ecofinecore_about.default\">\n\t\t\t\t<div class=\"elementor-widget-container\">\n\t\t\t\t\t        <div class=\"about-section-wraper\">\n            <div class=\"container\">\n                <div class=\"about_content\">\n                    <div class=\"about-item\">\n                                                    <h4 class=\"about-small-stitle\">\n                                Diagnosis and analysis                            <\/h4>\n                        \n                                                    <h2 class=\"about-title\">\n                                Technical studies and tailored solutions                            <\/h2>\n                                                 <div class=\"about-des\"> <p>At Atlan, we conduct an exhaustive study of industrial processes and their specific needs, covering technical, legal and economic aspects. Our team prepares detailed reports and customized studies that include all possible solutions, so you can make informed decisions and optimize your operations.<\/p><p>We offer a wide variety of specialized tests, both in laboratory and pilot plant, to guarantee the efficacy and viability of the applied treatments. Our services include:<\/p> <\/div>                    <\/div>\n                                                        <\/div>\n            <\/div>\n        <\/div>\n\t\t\t\t<\/div>\n\t\t\t\t<\/div>\n\t\t\t\t\t<\/div>\n\t\t<\/div>\n\t\t\t\t\t<\/div>\n\t\t<\/section>\n\t\t\t\t<section class=\"elementor-section elementor-top-section elementor-element elementor-element-8971bd7 elementor-section-boxed elementor-section-height-default elementor-section-height-default\" data-id=\"8971bd7\" data-element_type=\"section\" data-settings=\"{&quot;background_background&quot;:&quot;classic&quot;}\">\n\t\t\t\t\t\t<div class=\"elementor-container elementor-column-gap-no\">\n\t\t\t\t\t<div class=\"elementor-column elementor-col-50 elementor-top-column elementor-element elementor-element-ee709b7\" data-id=\"ee709b7\" data-element_type=\"column\">\n\t\t\t<div class=\"elementor-widget-wrap elementor-element-populated\">\n\t\t\t\t\t\t<div class=\"elementor-element elementor-element-b7016f9 elementor-widget elementor-widget-image\" data-id=\"b7016f9\" data-element_type=\"widget\" data-widget_type=\"image.default\">\n\t\t\t\t<div class=\"elementor-widget-container\">\n\t\t\t\t\t\t\t\t\t\t\t\t\t\t\t<img decoding=\"async\" src=\"https:\/\/oceatlan.es\/wp-content\/uploads\/elementor\/thumbs\/5.-Oxidacion-ultravioleta-r5svztwq041iw8gxv2uxfue8heh05l7zkrsn1wc3ak.jpg\" title=\"5.-Oxidacion-ultravioleta\" alt=\"5.-Oxidacion-ultravioleta\" loading=\"lazy\" \/>\t\t\t\t\t\t\t\t\t\t\t\t\t\t\t<\/div>\n\t\t\t\t<\/div>\n\t\t\t\t<div class=\"elementor-element elementor-element-3f90baf elementor-widget elementor-widget-text-editor\" data-id=\"3f90baf\" data-element_type=\"widget\" data-widget_type=\"text-editor.default\">\n\t\t\t\t<div class=\"elementor-widget-container\">\n\t\t\t\t\t\t\t\t\t<ul><li><strong>Biological treatment tests:<\/strong> We carry out activated sludge tests, degradability tests and biological pilot plant tests to optimize biological processes according to water characteristics and pollutants.<\/li><li><strong>Feasibility of combined treatments:<\/strong> Realizamos evaluaciones integrales que combinan distintas tecnolog\u00edas para mejorar resultados, as\u00ed como el an\u00e1lisis y recomendaci\u00f3n de las mejores tecnolog\u00edas disponibles (BAT\u2019s \u2013 Best Available Technologies) para cumplir con las normativas y garantizar un rendimiento \u00f3ptimo.<\/li><\/ul>\t\t\t\t\t\t\t\t<\/div>\n\t\t\t\t<\/div>\n\t\t\t\t\t<\/div>\n\t\t<\/div>\n\t\t\t\t<div class=\"elementor-column elementor-col-50 elementor-top-column elementor-element elementor-element-1c79316\" data-id=\"1c79316\" data-element_type=\"column\">\n\t\t\t<div class=\"elementor-widget-wrap elementor-element-populated\">\n\t\t\t\t\t\t<div class=\"elementor-element elementor-element-cd06b03 elementor-widget elementor-widget-text-editor\" data-id=\"cd06b03\" data-element_type=\"widget\" data-widget_type=\"text-editor.default\">\n\t\t\t\t<div class=\"elementor-widget-container\">\n\t\t\t\t\t\t\t\t\t<ul><li><strong>Wastewater and process water analysis:<\/strong> We perform a complete characterization of all types of streams, sludges and other materials, in order to know precisely their composition and behavior.<\/li><li><strong>Physical-chemical treatment tests:<\/strong> We evaluate processes such as flocculation, sedimentation, filtration, and advanced oxidation techniques such as the use of peroxides, ultraviolet radiation and ozone, always seeking maximum efficiency in purification.<\/li><\/ul>\t\t\t\t\t\t\t\t<\/div>\n\t\t\t\t<\/div>\n\t\t\t\t<div class=\"elementor-element elementor-element-92b986e elementor-widget elementor-widget-image\" data-id=\"92b986e\" data-element_type=\"widget\" data-widget_type=\"image.default\">\n\t\t\t\t<div class=\"elementor-widget-container\">\n\t\t\t\t\t\t\t\t\t\t\t\t\t\t\t<img decoding=\"async\" src=\"https:\/\/oceatlan.es\/wp-content\/uploads\/elementor\/thumbs\/ensayo-adsorcion-pwj0qd8sc0o58eeaoab6aaot1bf8gh3n1nrn77lg8g-r5sw13yvqpcl88x2puharipj36wy1frhygp0ttlsbk.jpg\" title=\"ensayo-adsorcion-pwj0qd8sc0o58eeaoab6aaot1bf8gh3n1nrn77lg8g\" alt=\"ensayo-adsorcion-pwj0qd8sc0o58eeaoab6aaot1bf8gh3n1nrn77lg8g\" loading=\"lazy\" \/>\t\t\t\t\t\t\t\t\t\t\t\t\t\t\t<\/div>\n\t\t\t\t<\/div>\n\t\t\t\t\t<\/div>\n\t\t<\/div>\n\t\t\t\t\t<\/div>\n\t\t<\/section>\n\t\t\t\t<section class=\"elementor-section elementor-top-section elementor-element elementor-element-075ae71 elementor-section-boxed elementor-section-height-default elementor-section-height-default\" data-id=\"075ae71\" data-element_type=\"section\" data-settings=\"{&quot;background_background&quot;:&quot;classic&quot;}\">\n\t\t\t\t\t\t<div class=\"elementor-container elementor-column-gap-no\">\n\t\t\t\t\t<div class=\"elementor-column elementor-col-100 elementor-top-column elementor-element elementor-element-c6d14e3\" data-id=\"c6d14e3\" data-element_type=\"column\">\n\t\t\t<div class=\"elementor-widget-wrap elementor-element-populated\">\n\t\t\t\t\t\t<div class=\"elementor-element elementor-element-9113e53 elementor-widget elementor-widget-text-editor\" data-id=\"9113e53\" data-element_type=\"widget\" data-widget_type=\"text-editor.default\">\n\t\t\t\t<div class=\"elementor-widget-container\">\n\t\t\t\t\t\t\t\t\t<p>Our approach is oriented to offer advanced and sustainable technical solutions, so that your processes comply with the most demanding standards and reduce their environmental impact.<\/p>\t\t\t\t\t\t\t\t<\/div>\n\t\t\t\t<\/div>\n\t\t\t\t<div class=\"elementor-element elementor-element-22ee987 elementor-widget__width-initial elementor-absolute elementor-widget-tablet__width-initial elementor-hidden-mobile elementor-hidden-tablet elementor-widget elementor-widget-image\" data-id=\"22ee987\" data-element_type=\"widget\" data-settings=\"{&quot;_position&quot;:&quot;absolute&quot;}\" data-widget_type=\"image.default\">\n\t\t\t\t<div class=\"elementor-widget-container\">\n\t\t\t\t\t\t\t\t\t\t\t\t\t\t\t<img decoding=\"async\" src=\"https:\/\/oceatlan.es\/wp-content\/uploads\/elementor\/thumbs\/Untitled_design__1_-removebg-preview-r68cx2ou0h4ribnjfy8a58ycncewfh5enajqiwupk8.png\" title=\"Untitled_design__1_-removebg-preview\" alt=\"Untitled_design__1_-removebg-preview\" loading=\"lazy\" \/>\t\t\t\t\t\t\t\t\t\t\t\t\t\t\t<\/div>\n\t\t\t\t<\/div>\n\t\t\t\t<div class=\"elementor-element elementor-element-2321593 elementor-widget__width-initial elementor-absolute elementor-widget-tablet__width-initial elementor-hidden-mobile elementor-hidden-tablet elementor-widget elementor-widget-image\" data-id=\"2321593\" data-element_type=\"widget\" data-settings=\"{&quot;_position&quot;:&quot;absolute&quot;}\" data-widget_type=\"image.default\">\n\t\t\t\t<div class=\"elementor-widget-container\">\n\t\t\t\t\t\t\t\t\t\t\t\t\t\t\t<img decoding=\"async\" src=\"https:\/\/oceatlan.es\/wp-content\/uploads\/elementor\/thumbs\/Untitled_design__1_-removebg-pre-r68d243oni13r2c10mna0h6bapkqp25lo8gg5bdq7c.png\" title=\"Untitled_design__1_-removebg-pre\" alt=\"Untitled_design__1_-removebg-pre\" loading=\"lazy\" \/>\t\t\t\t\t\t\t\t\t\t\t\t\t\t\t<\/div>\n\t\t\t\t<\/div>\n\t\t\t\t\t<\/div>\n\t\t<\/div>\n\t\t\t\t\t<\/div>\n\t\t<\/section>\n\t\t<div class=\"elementor-element elementor-element-b95d0a2 e-flex e-con-boxed e-con e-parent\" data-id=\"b95d0a2\" data-element_type=\"container\" data-settings=\"{&quot;background_background&quot;:&quot;classic&quot;}\">\n\t\t\t\t\t<div class=\"e-con-inner\">\n\t\t\t\t<div class=\"elementor-element elementor-element-6249acf elementor-widget-tablet__width-initial elementor-widget elementor-widget-heading\" data-id=\"6249acf\" data-element_type=\"widget\" data-widget_type=\"heading.default\">\n\t\t\t\t<div class=\"elementor-widget-container\">\n\t\t\t\t\t<h2 class=\"elementor-heading-title elementor-size-default\">Ask us for information and we will advise you on your project.<\/h2>\t\t\t\t<\/div>\n\t\t\t\t<\/div>\n\t\t\t\t<div class=\"elementor-element elementor-element-2df0a2a elementor-widget elementor-widget-shortcode\" data-id=\"2df0a2a\" data-element_type=\"widget\" data-widget_type=\"shortcode.default\">\n\t\t\t\t<div class=\"elementor-widget-container\">\n\t\t\t\t\t\t\t<div class=\"elementor-shortcode\">\n<div class=\"wpcf7 no-js\" id=\"wpcf7-f6994-o1\" lang=\"en-US\" dir=\"ltr\" data-wpcf7-id=\"6994\">\n<div class=\"screen-reader-response\"><p role=\"status\" aria-live=\"polite\" aria-atomic=\"true\"><\/p> <ul><\/ul><\/div>\n<form action=\"\/en\/wp-json\/wp\/v2\/pages\/6798#wpcf7-f6994-o1\" method=\"post\" class=\"wpcf7-form init\" aria-label=\"Contact form\" novalidate=\"novalidate\" data-status=\"init\" data-trp-original-action=\"\/en\/wp-json\/wp\/v2\/pages\/6798#wpcf7-f6994-o1\">\n<div style=\"display: none;\">\n<input type=\"hidden\" name=\"_wpcf7\" value=\"6994\" \/>\n<input type=\"hidden\" name=\"_wpcf7_version\" value=\"6.0.6\" \/>\n<input type=\"hidden\" name=\"_wpcf7_locale\" value=\"en_US\" \/>\n<input type=\"hidden\" name=\"_wpcf7_unit_tag\" value=\"wpcf7-f6994-o1\" \/>\n<input type=\"hidden\" name=\"_wpcf7_container_post\" value=\"0\" \/>\n<input type=\"hidden\" name=\"_wpcf7_posted_data_hash\" value=\"\" \/>\n<\/div>\n<div class=\"eco-contact-from-two-wrappwr\">\n  <div class=\"container\">\n    <div class=\"row\">\n      <div class=\"col-lg-6 col-md-6 col-12\">\n        <div class=\"input-area\">\n          <span class=\"wpcf7-form-control-wrap\" data-name=\"fname\"><input size=\"40\" maxlength=\"400\" class=\"wpcf7-form-control wpcf7-text wpcf7-validates-as-required\" aria-required=\"true\" aria-invalid=\"false\" placeholder=\"Name\" value=\"\" type=\"text\" name=\"fname\" \/><\/span>\n        <\/div>\n      <\/div>\n      <div class=\"col-lg-6 col-md-6 col-12\">\n        <div class=\"input-area\">\n          <span class=\"wpcf7-form-control-wrap\" data-name=\"email\"><input size=\"40\" maxlength=\"400\" class=\"wpcf7-form-control wpcf7-email wpcf7-validates-as-required wpcf7-text wpcf7-validates-as-email\" aria-required=\"true\" aria-invalid=\"false\" placeholder=\"E-mail address\" value=\"\" type=\"email\" name=\"email\" \/><\/span>\n        <\/div>\n      <\/div>\n      <div class=\"col-lg-6 col-md-6 col-12\">\n        <div class=\"input-area\">\n          <span class=\"wpcf7-form-control-wrap\" data-name=\"phone\"><input size=\"40\" maxlength=\"400\" class=\"wpcf7-form-control wpcf7-tel wpcf7-validates-as-required wpcf7-text wpcf7-validates-as-tel\" aria-required=\"true\" aria-invalid=\"false\" placeholder=\"Phone\" value=\"\" type=\"tel\" name=\"phone\" \/><\/span>\n        <\/div>\n      <\/div>\n      <div class=\"col-lg-6 col-md-6 col-12\">\n        <div class=\"input-area\">\n          <span class=\"wpcf7-form-control-wrap\" data-name=\"subject\"><input size=\"40\" maxlength=\"400\" class=\"wpcf7-form-control wpcf7-text wpcf7-validates-as-required\" aria-required=\"true\" aria-invalid=\"false\" placeholder=\"What do you need?\" value=\"\" type=\"text\" name=\"subject\" \/><\/span>\n        <\/div>\n      <\/div>\n      <div class=\"col-lg-12 col-md-12 col-12\">\n        <div class=\"input-area\">\n          <span class=\"wpcf7-form-control-wrap\" data-name=\"service\"><input size=\"40\" maxlength=\"400\" class=\"wpcf7-form-control wpcf7-text wpcf7-validates-as-required\" aria-required=\"true\" aria-invalid=\"false\" placeholder=\"Service\" value=\"\" type=\"text\" name=\"service\" \/><\/span>\n        <\/div>\n      <\/div>\n      <div class=\"col-lg-12 col-md-12 col-12\">\n        <div class=\"input-area message\">\n          <span class=\"wpcf7-form-control-wrap\" data-name=\"message\"><textarea cols=\"10\" rows=\"5\" maxlength=\"2000\" class=\"wpcf7-form-control wpcf7-textarea wpcf7-validates-as-required\" aria-required=\"true\" aria-invalid=\"false\" placeholder=\"Your message\" name=\"message\"><\/textarea><\/span>\n        <\/div>\n        <div class=\"eco-contact-button button\">\n          <input class=\"wpcf7-form-control wpcf7-submit has-spinner blob-btn\" type=\"submit\" value=\"Send to\" \/><div class=\"wpcf7-response-output\" aria-hidden=\"true\"><\/div>\n        <\/div>\n      <\/div>\n    <\/div>\n  <\/div>\n<\/div>\n<input type=\"hidden\" name=\"trp-form-language\" value=\"en\"\/><\/form>\n<\/div>\n<\/div>\n\t\t\t\t\t\t<\/div>\n\t\t\t\t<\/div>\n\t\t\t\t\t<\/div>\n\t\t\t\t<\/div>\n\t\t\t\t<\/div>","protected":false},"excerpt":{"rendered":"<p>Ensayos de Laboratorio y en Planta Piloto ATLAN &gt; Ensayos de Laboratorio y en Planta Piloto Diagn\u00f3stico y an\u00e1lisis Estudios t\u00e9cnicos y soluciones a medida En Atlan realizamos un estudio exhaustivo de los procesos industriales y sus necesidades espec\u00edficas, abarcando aspectos t\u00e9cnicos, legales y econ\u00f3micos. Nuestro equipo elabora informes detallados y estudios personalizados que incluyen [&hellip;]<\/p>","protected":false},"author":1,"featured_media":0,"parent":8994,"menu_order":0,"comment_status":"closed","ping_status":"closed","template":"template-home.php","meta":{"give_campaign_id":0,"_monsterinsights_skip_tracking":false,"_monsterinsights_sitenote_active":false,"_monsterinsights_sitenote_note":"","_monsterinsights_sitenote_category":0,"footnotes":""},"class_list":["post-6798","page","type-page","status-publish","hentry"],"aioseo_notices":[],"campaignId":"","_links":{"self":[{"href":"https:\/\/oceatlan.es\/en\/wp-json\/wp\/v2\/pages\/6798","targetHints":{"allow":["GET"]}}],"collection":[{"href":"https:\/\/oceatlan.es\/en\/wp-json\/wp\/v2\/pages"}],"about":[{"href":"https:\/\/oceatlan.es\/en\/wp-json\/wp\/v2\/types\/page"}],"author":[{"embeddable":true,"href":"https:\/\/oceatlan.es\/en\/wp-json\/wp\/v2\/users\/1"}],"replies":[{"embeddable":true,"href":"https:\/\/oceatlan.es\/en\/wp-json\/wp\/v2\/comments?post=6798"}],"version-history":[{"count":136,"href":"https:\/\/oceatlan.es\/en\/wp-json\/wp\/v2\/pages\/6798\/revisions"}],"predecessor-version":[{"id":9504,"href":"https:\/\/oceatlan.es\/en\/wp-json\/wp\/v2\/pages\/6798\/revisions\/9504"}],"up":[{"embeddable":true,"href":"https:\/\/oceatlan.es\/en\/wp-json\/wp\/v2\/pages\/8994"}],"wp:attachment":[{"href":"https:\/\/oceatlan.es\/en\/wp-json\/wp\/v2\/media?parent=6798"}],"curies":[{"name":"wp","href":"https:\/\/api.w.org\/{rel}","templated":true}]}}