{"id":6810,"date":"2025-05-15T07:10:33","date_gmt":"2025-05-15T07:10:33","guid":{"rendered":"https:\/\/oceatlan.es\/?page_id=6810"},"modified":"2025-05-29T12:37:19","modified_gmt":"2025-05-29T12:37:19","slug":"reingenieria-y-optimizacion","status":"publish","type":"page","link":"https:\/\/oceatlan.es\/en\/servicios\/reingenieria-y-optimizacion\/","title":{"rendered":"Reengineering and optimization"},"content":{"rendered":"<div data-elementor-type=\"wp-page\" data-elementor-id=\"6810\" class=\"elementor elementor-6810\">\n\t\t\t\t\t\t<section class=\"elementor-section elementor-top-section elementor-element elementor-element-2c93ce2 elementor-section-full_width elementor-section-height-default elementor-section-height-default\" data-id=\"2c93ce2\" data-element_type=\"section\" data-settings=\"{&quot;background_background&quot;:&quot;classic&quot;}\">\n\t\t\t\t\t\t<div class=\"elementor-container elementor-column-gap-no\">\n\t\t\t\t\t<div class=\"elementor-column elementor-col-100 elementor-top-column elementor-element elementor-element-b40cb47\" data-id=\"b40cb47\" data-element_type=\"column\" data-settings=\"{&quot;background_background&quot;:&quot;slideshow&quot;,&quot;background_slideshow_gallery&quot;:[],&quot;background_slideshow_loop&quot;:&quot;yes&quot;,&quot;background_slideshow_slide_duration&quot;:5000,&quot;background_slideshow_slide_transition&quot;:&quot;fade&quot;,&quot;background_slideshow_transition_duration&quot;:500}\">\n\t\t\t<div class=\"elementor-widget-wrap elementor-element-populated\">\n\t\t\t\t\t\t<div class=\"elementor-element elementor-element-ff81eac elementor-widget-tablet__width-initial elementor-widget elementor-widget-heading\" data-id=\"ff81eac\" data-element_type=\"widget\" data-widget_type=\"heading.default\">\n\t\t\t\t<div class=\"elementor-widget-container\">\n\t\t\t\t\t<h2 class=\"elementor-heading-title elementor-size-default\">Reengineering and Optimization<\/h2>\t\t\t\t<\/div>\n\t\t\t\t<\/div>\n\t\t\t\t<div class=\"elementor-element elementor-element-90091fb elementor-widget elementor-widget-text-editor\" data-id=\"90091fb\" data-element_type=\"widget\" data-widget_type=\"text-editor.default\">\n\t\t\t\t<div class=\"elementor-widget-container\">\n\t\t\t\t\t\t\t\t\t<p><span style=\"color: #339966;\">ATLAN &gt;<\/span> Reengineering and Optimization<\/p>\t\t\t\t\t\t\t\t<\/div>\n\t\t\t\t<\/div>\n\t\t\t\t\t<\/div>\n\t\t<\/div>\n\t\t\t\t\t<\/div>\n\t\t<\/section>\n\t\t<div class=\"elementor-element elementor-element-2d4588c e-flex e-con-boxed e-con e-parent\" data-id=\"2d4588c\" data-element_type=\"container\">\n\t\t\t\t\t<div class=\"e-con-inner\">\n\t\t\t\t<div class=\"elementor-element elementor-element-6b281c3 elementor-widget elementor-widget-text-editor\" data-id=\"6b281c3\" data-element_type=\"widget\" data-widget_type=\"text-editor.default\">\n\t\t\t\t<div class=\"elementor-widget-container\">\n\t\t\t\t\t\t\t\t\t<p>SUSTAINABLE RESULTS<\/p>\t\t\t\t\t\t\t\t<\/div>\n\t\t\t\t<\/div>\n\t\t\t\t<div class=\"elementor-element elementor-element-1607471 elementor-widget-mobile__width-initial elementor-widget elementor-widget-heading\" data-id=\"1607471\" data-element_type=\"widget\" data-widget_type=\"heading.default\">\n\t\t\t\t<div class=\"elementor-widget-container\">\n\t\t\t\t\t<h2 class=\"elementor-heading-title elementor-size-default\">Process Reengineering and Optimization<\/h2>\t\t\t\t<\/div>\n\t\t\t\t<\/div>\n\t\t\t\t<div class=\"elementor-element elementor-element-b3cc14e elementor-widget__width-initial elementor-widget elementor-widget-text-editor\" data-id=\"b3cc14e\" data-element_type=\"widget\" data-widget_type=\"text-editor.default\">\n\t\t\t\t<div class=\"elementor-widget-container\">\n\t\t\t\t\t\t\t\t\t<p><span style=\"color: #000000;\">Atlan specializes in the development and improvement of wastewater treatment plant projects, as well as the optimization of equipment related to process water treatment. Our focus is on identifying opportunities to increase efficiency, reduce operating costs and improve overall facility performance.<\/span><\/p><p><span style=\"color: #000000;\">We work with key technologies such as advanced filtration, decalcification and reverse osmosis, adapting each system to the specific needs of the plant and the characteristics of the water to be treated. Through detailed analysis and an innovative approach, we offer comprehensive solutions that maximize equipment life, minimize energy consumption and guarantee the quality of the treated water.<\/span><\/p><p><span style=\"color: #000000;\">Our technical team accompanies clients throughout the process, from the initial assessment to the implementation of improvements, ensuring that each reengineering and optimization project delivers real and sustainable value.<\/span><\/p>\t\t\t\t\t\t\t\t<\/div>\n\t\t\t\t<\/div>\n\t\t\t\t\t<\/div>\n\t\t\t\t<\/div>\n\t\t<div class=\"elementor-element elementor-element-48ffe4e e-flex e-con-boxed e-con e-parent\" data-id=\"48ffe4e\" data-element_type=\"container\">\n\t\t\t\t\t<div class=\"e-con-inner\">\n\t\t<div class=\"elementor-element elementor-element-78ddcd7 e-con-full e-flex e-con e-child\" data-id=\"78ddcd7\" data-element_type=\"container\">\n\t\t\t\t<div class=\"elementor-element elementor-element-19106be elementor-widget elementor-widget-image\" data-id=\"19106be\" data-element_type=\"widget\" data-widget_type=\"image.default\">\n\t\t\t\t<div class=\"elementor-widget-container\">\n\t\t\t\t\t\t\t\t\t\t\t\t\t\t\t<img fetchpriority=\"high\" decoding=\"async\" width=\"1000\" height=\"563\" src=\"https:\/\/oceatlan.es\/wp-content\/uploads\/2025\/05\/descalcificacion.jpg\" class=\"attachment-large size-large wp-image-6812\" alt=\"\" srcset=\"https:\/\/oceatlan.es\/wp-content\/uploads\/2025\/05\/descalcificacion.jpg 1000w, https:\/\/oceatlan.es\/wp-content\/uploads\/2025\/05\/descalcificacion-300x169.jpg 300w, https:\/\/oceatlan.es\/wp-content\/uploads\/2025\/05\/descalcificacion-768x432.jpg 768w, https:\/\/oceatlan.es\/wp-content\/uploads\/2025\/05\/descalcificacion-600x338.jpg 600w\" sizes=\"(max-width: 1000px) 100vw, 1000px\" \/>\t\t\t\t\t\t\t\t\t\t\t\t\t\t\t<\/div>\n\t\t\t\t<\/div>\n\t\t\t\t<\/div>\n\t\t<div class=\"elementor-element elementor-element-4f658ef e-con-full e-flex e-con e-child\" data-id=\"4f658ef\" data-element_type=\"container\">\n\t\t\t\t<div class=\"elementor-element elementor-element-4fc4e94 elementor-widget elementor-widget-image\" data-id=\"4fc4e94\" data-element_type=\"widget\" data-widget_type=\"image.default\">\n\t\t\t\t<div class=\"elementor-widget-container\">\n\t\t\t\t\t\t\t\t\t\t\t\t\t\t\t<img decoding=\"async\" width=\"1000\" height=\"563\" src=\"https:\/\/oceatlan.es\/wp-content\/uploads\/2025\/05\/osmosis.jpg\" class=\"attachment-large size-large wp-image-6813\" alt=\"\" srcset=\"https:\/\/oceatlan.es\/wp-content\/uploads\/2025\/05\/osmosis.jpg 1000w, https:\/\/oceatlan.es\/wp-content\/uploads\/2025\/05\/osmosis-300x169.jpg 300w, https:\/\/oceatlan.es\/wp-content\/uploads\/2025\/05\/osmosis-768x432.jpg 768w, https:\/\/oceatlan.es\/wp-content\/uploads\/2025\/05\/osmosis-600x338.jpg 600w\" sizes=\"(max-width: 1000px) 100vw, 1000px\" \/>\t\t\t\t\t\t\t\t\t\t\t\t\t\t\t<\/div>\n\t\t\t\t<\/div>\n\t\t\t\t<\/div>\n\t\t\t\t\t<\/div>\n\t\t\t\t<\/div>\n\t\t<div class=\"elementor-element elementor-element-7d5bb9f e-flex e-con-boxed e-con e-parent\" data-id=\"7d5bb9f\" data-element_type=\"container\" data-settings=\"{&quot;background_background&quot;:&quot;classic&quot;}\">\n\t\t\t\t\t<div class=\"e-con-inner\">\n\t\t\t\t<div class=\"elementor-element elementor-element-092ee33 elementor-widget-tablet__width-initial elementor-widget elementor-widget-heading\" data-id=\"092ee33\" data-element_type=\"widget\" id=\"#contact-form\" data-widget_type=\"heading.default\">\n\t\t\t\t<div class=\"elementor-widget-container\">\n\t\t\t\t\t<h2 class=\"elementor-heading-title elementor-size-default\">Ask us for information and we will advise you on your project.<\/h2>\t\t\t\t<\/div>\n\t\t\t\t<\/div>\n\t\t\t\t<div class=\"elementor-element elementor-element-6e37963 elementor-widget elementor-widget-shortcode\" data-id=\"6e37963\" data-element_type=\"widget\" data-widget_type=\"shortcode.default\">\n\t\t\t\t<div class=\"elementor-widget-container\">\n\t\t\t\t\t\t\t<div class=\"elementor-shortcode\">\n<div class=\"wpcf7 no-js\" id=\"wpcf7-f6994-o1\" lang=\"en-US\" dir=\"ltr\" data-wpcf7-id=\"6994\">\n<div class=\"screen-reader-response\"><p role=\"status\" aria-live=\"polite\" aria-atomic=\"true\"><\/p> <ul><\/ul><\/div>\n<form action=\"\/en\/wp-json\/wp\/v2\/pages\/6810#wpcf7-f6994-o1\" method=\"post\" class=\"wpcf7-form init\" aria-label=\"Contact form\" novalidate=\"novalidate\" data-status=\"init\" data-trp-original-action=\"\/en\/wp-json\/wp\/v2\/pages\/6810#wpcf7-f6994-o1\">\n<div style=\"display: none;\">\n<input type=\"hidden\" name=\"_wpcf7\" value=\"6994\" \/>\n<input type=\"hidden\" name=\"_wpcf7_version\" value=\"6.0.6\" \/>\n<input type=\"hidden\" name=\"_wpcf7_locale\" value=\"en_US\" \/>\n<input type=\"hidden\" name=\"_wpcf7_unit_tag\" value=\"wpcf7-f6994-o1\" \/>\n<input type=\"hidden\" name=\"_wpcf7_container_post\" value=\"0\" \/>\n<input type=\"hidden\" name=\"_wpcf7_posted_data_hash\" value=\"\" \/>\n<\/div>\n<div class=\"eco-contact-from-two-wrappwr\">\n  <div class=\"container\">\n    <div class=\"row\">\n      <div class=\"col-lg-6 col-md-6 col-12\">\n        <div class=\"input-area\">\n          <span class=\"wpcf7-form-control-wrap\" data-name=\"fname\"><input size=\"40\" maxlength=\"400\" class=\"wpcf7-form-control wpcf7-text wpcf7-validates-as-required\" aria-required=\"true\" aria-invalid=\"false\" placeholder=\"Name\" value=\"\" type=\"text\" name=\"fname\" \/><\/span>\n        <\/div>\n      <\/div>\n      <div class=\"col-lg-6 col-md-6 col-12\">\n        <div class=\"input-area\">\n          <span class=\"wpcf7-form-control-wrap\" data-name=\"email\"><input size=\"40\" maxlength=\"400\" class=\"wpcf7-form-control wpcf7-email wpcf7-validates-as-required wpcf7-text wpcf7-validates-as-email\" aria-required=\"true\" aria-invalid=\"false\" placeholder=\"E-mail address\" value=\"\" type=\"email\" name=\"email\" \/><\/span>\n        <\/div>\n      <\/div>\n      <div class=\"col-lg-6 col-md-6 col-12\">\n        <div class=\"input-area\">\n          <span class=\"wpcf7-form-control-wrap\" data-name=\"phone\"><input size=\"40\" maxlength=\"400\" class=\"wpcf7-form-control wpcf7-tel wpcf7-validates-as-required wpcf7-text wpcf7-validates-as-tel\" aria-required=\"true\" aria-invalid=\"false\" placeholder=\"Phone\" value=\"\" type=\"tel\" name=\"phone\" \/><\/span>\n        <\/div>\n      <\/div>\n      <div class=\"col-lg-6 col-md-6 col-12\">\n        <div class=\"input-area\">\n          <span class=\"wpcf7-form-control-wrap\" data-name=\"subject\"><input size=\"40\" maxlength=\"400\" class=\"wpcf7-form-control wpcf7-text wpcf7-validates-as-required\" aria-required=\"true\" aria-invalid=\"false\" placeholder=\"What do you need?\" value=\"\" type=\"text\" name=\"subject\" \/><\/span>\n        <\/div>\n      <\/div>\n      <div class=\"col-lg-12 col-md-12 col-12\">\n        <div class=\"input-area\">\n          <span class=\"wpcf7-form-control-wrap\" data-name=\"service\"><input size=\"40\" maxlength=\"400\" class=\"wpcf7-form-control wpcf7-text wpcf7-validates-as-required\" aria-required=\"true\" aria-invalid=\"false\" placeholder=\"Service\" value=\"\" type=\"text\" name=\"service\" \/><\/span>\n        <\/div>\n      <\/div>\n      <div class=\"col-lg-12 col-md-12 col-12\">\n        <div class=\"input-area message\">\n          <span class=\"wpcf7-form-control-wrap\" data-name=\"message\"><textarea cols=\"10\" rows=\"5\" maxlength=\"2000\" class=\"wpcf7-form-control wpcf7-textarea wpcf7-validates-as-required\" aria-required=\"true\" aria-invalid=\"false\" placeholder=\"Your message\" name=\"message\"><\/textarea><\/span>\n        <\/div>\n        <div class=\"eco-contact-button button\">\n          <input class=\"wpcf7-form-control wpcf7-submit has-spinner blob-btn\" type=\"submit\" value=\"Send to\" \/><div class=\"wpcf7-response-output\" aria-hidden=\"true\"><\/div>\n        <\/div>\n      <\/div>\n    <\/div>\n  <\/div>\n<\/div>\n<input type=\"hidden\" name=\"trp-form-language\" value=\"en\"\/><\/form>\n<\/div>\n<\/div>\n\t\t\t\t\t\t<\/div>\n\t\t\t\t<\/div>\n\t\t\t\t\t<\/div>\n\t\t\t\t<\/div>\n\t\t\t\t<\/div>","protected":false},"excerpt":{"rendered":"<p>Reingenier\u00eda y Optimizaci\u00f3n ATLAN &gt; Reingenier\u00eda y Optimizaci\u00f3n RESULTADOS SOSTENIBLES Reingenier\u00eda y optimizaci\u00f3n de procesos En Atlan nos especializamos en el desarrollo y mejora de proyectos para plantas de tratamiento de aguas residuales, as\u00ed como en la optimizaci\u00f3n de equipos relacionados con el tratamiento de aguas de proceso. Nuestro enfoque se centra en identificar oportunidades [&hellip;]<\/p>","protected":false},"author":1,"featured_media":0,"parent":8994,"menu_order":0,"comment_status":"closed","ping_status":"closed","template":"template-home.php","meta":{"give_campaign_id":0,"_monsterinsights_skip_tracking":false,"_monsterinsights_sitenote_active":false,"_monsterinsights_sitenote_note":"","_monsterinsights_sitenote_category":0,"footnotes":""},"class_list":["post-6810","page","type-page","status-publish","hentry"],"aioseo_notices":[],"campaignId":"","_links":{"self":[{"href":"https:\/\/oceatlan.es\/en\/wp-json\/wp\/v2\/pages\/6810","targetHints":{"allow":["GET"]}}],"collection":[{"href":"https:\/\/oceatlan.es\/en\/wp-json\/wp\/v2\/pages"}],"about":[{"href":"https:\/\/oceatlan.es\/en\/wp-json\/wp\/v2\/types\/page"}],"author":[{"embeddable":true,"href":"https:\/\/oceatlan.es\/en\/wp-json\/wp\/v2\/users\/1"}],"replies":[{"embeddable":true,"href":"https:\/\/oceatlan.es\/en\/wp-json\/wp\/v2\/comments?post=6810"}],"version-history":[{"count":58,"href":"https:\/\/oceatlan.es\/en\/wp-json\/wp\/v2\/pages\/6810\/revisions"}],"predecessor-version":[{"id":9507,"href":"https:\/\/oceatlan.es\/en\/wp-json\/wp\/v2\/pages\/6810\/revisions\/9507"}],"up":[{"embeddable":true,"href":"https:\/\/oceatlan.es\/en\/wp-json\/wp\/v2\/pages\/8994"}],"wp:attachment":[{"href":"https:\/\/oceatlan.es\/en\/wp-json\/wp\/v2\/media?parent=6810"}],"curies":[{"name":"wp","href":"https:\/\/api.w.org\/{rel}","templated":true}]}}