{"id":6835,"date":"2025-05-15T08:54:11","date_gmt":"2025-05-15T08:54:11","guid":{"rendered":"https:\/\/oceatlan.es\/?page_id=6835"},"modified":"2025-05-29T14:29:46","modified_gmt":"2025-05-29T14:29:46","slug":"asesoria-tecnica-y-formacion","status":"publish","type":"page","link":"https:\/\/oceatlan.es\/en\/servicios\/asesoria-tecnica-y-formacion\/","title":{"rendered":"Technical advice and training"},"content":{"rendered":"<div data-elementor-type=\"wp-page\" data-elementor-id=\"6835\" class=\"elementor elementor-6835\">\n\t\t\t\t\t\t<section class=\"elementor-section elementor-top-section elementor-element elementor-element-33ff7fb elementor-section-full_width elementor-section-height-default elementor-section-height-default\" data-id=\"33ff7fb\" data-element_type=\"section\" data-settings=\"{&quot;background_background&quot;:&quot;classic&quot;}\">\n\t\t\t\t\t\t<div class=\"elementor-container elementor-column-gap-no\">\n\t\t\t\t\t<div class=\"elementor-column elementor-col-100 elementor-top-column elementor-element elementor-element-5d8f5ed\" data-id=\"5d8f5ed\" data-element_type=\"column\" data-settings=\"{&quot;background_background&quot;:&quot;slideshow&quot;,&quot;background_slideshow_gallery&quot;:[],&quot;background_slideshow_loop&quot;:&quot;yes&quot;,&quot;background_slideshow_slide_duration&quot;:5000,&quot;background_slideshow_slide_transition&quot;:&quot;fade&quot;,&quot;background_slideshow_transition_duration&quot;:500}\">\n\t\t\t<div class=\"elementor-widget-wrap elementor-element-populated\">\n\t\t\t\t\t\t<div class=\"elementor-element elementor-element-a990c98 elementor-widget__width-initial elementor-widget elementor-widget-heading\" data-id=\"a990c98\" data-element_type=\"widget\" data-widget_type=\"heading.default\">\n\t\t\t\t<div class=\"elementor-widget-container\">\n\t\t\t\t\t<h2 class=\"elementor-heading-title elementor-size-default\">Technical consulting and training<\/h2>\t\t\t\t<\/div>\n\t\t\t\t<\/div>\n\t\t\t\t<div class=\"elementor-element elementor-element-d829505 elementor-widget-mobile__width-initial elementor-widget elementor-widget-text-editor\" data-id=\"d829505\" data-element_type=\"widget\" data-widget_type=\"text-editor.default\">\n\t\t\t\t<div class=\"elementor-widget-container\">\n\t\t\t\t\t\t\t\t\t<p><span style=\"color: #339966;\">ATLAN &gt;<\/span> Technical consulting and training<\/p>\t\t\t\t\t\t\t\t<\/div>\n\t\t\t\t<\/div>\n\t\t\t\t\t<\/div>\n\t\t<\/div>\n\t\t\t\t\t<\/div>\n\t\t<\/section>\n\t\t<div class=\"elementor-element elementor-element-ff8b13c e-flex e-con-boxed e-con e-parent\" data-id=\"ff8b13c\" data-element_type=\"container\">\n\t\t\t\t\t<div class=\"e-con-inner\">\n\t\t\t\t<div class=\"elementor-element elementor-element-7434761 elementor-widget elementor-widget-text-editor\" data-id=\"7434761\" data-element_type=\"widget\" data-widget_type=\"text-editor.default\">\n\t\t\t\t<div class=\"elementor-widget-container\">\n\t\t\t\t\t\t\t\t\t<p>TRAINING THAT TRANSFORMS<\/p>\t\t\t\t\t\t\t\t<\/div>\n\t\t\t\t<\/div>\n\t\t\t\t<div class=\"elementor-element elementor-element-3efcf76 elementor-widget__width-initial elementor-widget elementor-widget-heading\" data-id=\"3efcf76\" data-element_type=\"widget\" data-widget_type=\"heading.default\">\n\t\t\t\t<div class=\"elementor-widget-container\">\n\t\t\t\t\t<h2 class=\"elementor-heading-title elementor-size-default\">Environmental consulting and specialized training <\/h2>\t\t\t\t<\/div>\n\t\t\t\t<\/div>\n\t\t\t\t\t<\/div>\n\t\t\t\t<\/div>\n\t\t<div class=\"elementor-element elementor-element-6d5eb49 e-flex e-con-boxed e-con e-parent\" data-id=\"6d5eb49\" data-element_type=\"container\">\n\t\t\t\t\t<div class=\"e-con-inner\">\n\t\t<div class=\"elementor-element elementor-element-0d3b51f e-con-full e-flex e-con e-child\" data-id=\"0d3b51f\" data-element_type=\"container\">\n\t\t\t\t<div class=\"elementor-element elementor-element-a15157f elementor-widget-tablet__width-initial elementor-widget elementor-widget-text-editor\" data-id=\"a15157f\" data-element_type=\"widget\" data-widget_type=\"text-editor.default\">\n\t\t\t\t<div class=\"elementor-widget-container\">\n\t\t\t\t\t\t\t\t\t<p>In Atlan we offer a complete technical consultancy service, facilitating the relationship and communication with regulatory bodies and official organizations such as the Hydrographic Confederations and other administrative bodies related to the environmental sector. Our objective is to accompany you in all the necessary procedures and formalities to ensure regulatory compliance and optimize the management of your projects.<\/p><p>In addition, we offer a specialized training program tailored to different levels and sectors, aimed at professionals and companies seeking to deepen their knowledge and management of processes related to the environment and water treatment.<\/p><p><strong>Among our courses, the following stand out \u27a4<\/strong><\/p>\t\t\t\t\t\t\t\t<\/div>\n\t\t\t\t<\/div>\n\t\t\t\t<\/div>\n\t\t<div class=\"elementor-element elementor-element-f395e32 e-con-full e-flex e-con e-child\" data-id=\"f395e32\" data-element_type=\"container\">\n\t\t\t\t<div class=\"elementor-element elementor-element-bb8573f elementor-widget elementor-widget-image\" data-id=\"bb8573f\" data-element_type=\"widget\" data-widget_type=\"image.default\">\n\t\t\t\t<div class=\"elementor-widget-container\">\n\t\t\t\t\t\t\t\t\t\t\t\t\t\t\t<img decoding=\"async\" src=\"https:\/\/oceatlan.es\/wp-content\/uploads\/elementor\/thumbs\/6.protozoo.400X-r5u74wkpbk2f5rn4v4uymklfb8i87a5ayx3fdqm3qe.jpg\" title=\"6.protozoo.400X\" alt=\"6.protozoo.400X\" loading=\"lazy\" \/>\t\t\t\t\t\t\t\t\t\t\t\t\t\t\t<\/div>\n\t\t\t\t<\/div>\n\t\t\t\t<\/div>\n\t\t\t\t\t<\/div>\n\t\t\t\t<\/div>\n\t\t<div class=\"elementor-element elementor-element-1ab9865 e-flex e-con-boxed e-con e-parent\" data-id=\"1ab9865\" data-element_type=\"container\">\n\t\t\t\t\t<div class=\"e-con-inner\">\n\t\t<div class=\"elementor-element elementor-element-296fc5b e-con-full e-flex e-con e-child\" data-id=\"296fc5b\" data-element_type=\"container\">\n\t\t\t\t<div class=\"elementor-element elementor-element-719a8c7 elementor-widget elementor-widget-image\" data-id=\"719a8c7\" data-element_type=\"widget\" data-widget_type=\"image.default\">\n\t\t\t\t<div class=\"elementor-widget-container\">\n\t\t\t\t\t\t\t\t\t\t\t\t\t\t\t<img decoding=\"async\" src=\"https:\/\/oceatlan.es\/wp-content\/uploads\/elementor\/thumbs\/13-biol-r5u74ze7w26a4lj1eo2uc1vt3e4budghzb1vtkhx7q.jpg\" title=\"13-biol\" alt=\"13-biol\" loading=\"lazy\" \/>\t\t\t\t\t\t\t\t\t\t\t\t\t\t\t<\/div>\n\t\t\t\t<\/div>\n\t\t\t\t<\/div>\n\t\t<div class=\"elementor-element elementor-element-e41b3fa e-con-full e-flex e-con e-child\" data-id=\"e41b3fa\" data-element_type=\"container\">\n\t\t\t\t<div class=\"elementor-element elementor-element-44e894c elementor-widget-tablet__width-initial elementor-widget elementor-widget-text-editor\" data-id=\"44e894c\" data-element_type=\"widget\" data-widget_type=\"text-editor.default\">\n\t\t\t\t<div class=\"elementor-widget-container\">\n\t\t\t\t\t\t\t\t\t<p>\u267b\ufe0f <strong>Water treatment:<\/strong> Practical and theoretical training on the most advanced techniques and technologies for the efficient and sustainable treatment of wastewater and process water.<\/p><p><strong>\u267b\ufe0f\u00a0Processes of the chemical industry:<\/strong> Training in key industrial processes, emphasizing safe and effective waste and effluent management.<\/p><p><strong>\u267b\ufe0f Courses on bioindication and aerobic and anaerobic treatments:<\/strong> Specialized training in biological techniques for the purification and control of environmental quality by aerobic and anaerobic methods.<\/p><p><strong>\u267b\ufe0f Courses on boilers and legionella:<\/strong> Specific programs for the prevention and control of legionella in boiler systems, ensuring safety and compliance with current health regulations.<\/p>\t\t\t\t\t\t\t\t<\/div>\n\t\t\t\t<\/div>\n\t\t\t\t<\/div>\n\t\t\t\t\t<\/div>\n\t\t\t\t<\/div>\n\t\t<div class=\"elementor-element elementor-element-5905add e-flex e-con-boxed e-con e-parent\" data-id=\"5905add\" data-element_type=\"container\">\n\t\t\t\t\t<div class=\"e-con-inner\">\n\t\t\t\t<div class=\"elementor-element elementor-element-79b1b24 elementor-widget-tablet__width-initial elementor-widget elementor-widget-text-editor\" data-id=\"79b1b24\" data-element_type=\"widget\" data-widget_type=\"text-editor.default\">\n\t\t\t\t<div class=\"elementor-widget-container\">\n\t\t\t\t\t\t\t\t\t<p>Our commitment is to provide up-to-date knowledge and practical tools that enable professionals and companies to improve their processes, ensure sustainability and comply with legal requirements in an efficient manner.<\/p>\t\t\t\t\t\t\t\t<\/div>\n\t\t\t\t<\/div>\n\t\t\t\t\t<\/div>\n\t\t\t\t<\/div>\n\t\t<div class=\"elementor-element elementor-element-51e434b e-flex e-con-boxed e-con e-parent\" data-id=\"51e434b\" data-element_type=\"container\" data-settings=\"{&quot;background_background&quot;:&quot;classic&quot;}\">\n\t\t\t\t\t<div class=\"e-con-inner\">\n\t\t\t\t<div class=\"elementor-element elementor-element-45bd126 elementor-widget-tablet__width-initial elementor-widget elementor-widget-heading\" data-id=\"45bd126\" data-element_type=\"widget\" data-widget_type=\"heading.default\">\n\t\t\t\t<div class=\"elementor-widget-container\">\n\t\t\t\t\t<h2 class=\"elementor-heading-title elementor-size-default\">Ask us for information and we will advise you on your project.<\/h2>\t\t\t\t<\/div>\n\t\t\t\t<\/div>\n\t\t\t\t<div class=\"elementor-element elementor-element-e37543e elementor-widget elementor-widget-shortcode\" data-id=\"e37543e\" data-element_type=\"widget\" data-widget_type=\"shortcode.default\">\n\t\t\t\t<div class=\"elementor-widget-container\">\n\t\t\t\t\t\t\t<div class=\"elementor-shortcode\">\n<div class=\"wpcf7 no-js\" id=\"wpcf7-f6994-o1\" lang=\"en-US\" dir=\"ltr\" data-wpcf7-id=\"6994\">\n<div class=\"screen-reader-response\"><p role=\"status\" aria-live=\"polite\" aria-atomic=\"true\"><\/p> <ul><\/ul><\/div>\n<form action=\"\/en\/wp-json\/wp\/v2\/pages\/6835#wpcf7-f6994-o1\" method=\"post\" class=\"wpcf7-form init\" aria-label=\"Contact form\" novalidate=\"novalidate\" data-status=\"init\" data-trp-original-action=\"\/en\/wp-json\/wp\/v2\/pages\/6835#wpcf7-f6994-o1\">\n<div style=\"display: none;\">\n<input type=\"hidden\" name=\"_wpcf7\" value=\"6994\" \/>\n<input type=\"hidden\" name=\"_wpcf7_version\" value=\"6.0.6\" \/>\n<input type=\"hidden\" name=\"_wpcf7_locale\" value=\"en_US\" \/>\n<input type=\"hidden\" name=\"_wpcf7_unit_tag\" value=\"wpcf7-f6994-o1\" \/>\n<input type=\"hidden\" name=\"_wpcf7_container_post\" value=\"0\" \/>\n<input type=\"hidden\" name=\"_wpcf7_posted_data_hash\" value=\"\" \/>\n<\/div>\n<div class=\"eco-contact-from-two-wrappwr\">\n  <div class=\"container\">\n    <div class=\"row\">\n      <div class=\"col-lg-6 col-md-6 col-12\">\n        <div class=\"input-area\">\n          <span class=\"wpcf7-form-control-wrap\" data-name=\"fname\"><input size=\"40\" maxlength=\"400\" class=\"wpcf7-form-control wpcf7-text wpcf7-validates-as-required\" aria-required=\"true\" aria-invalid=\"false\" placeholder=\"Name\" value=\"\" type=\"text\" name=\"fname\" \/><\/span>\n        <\/div>\n      <\/div>\n      <div class=\"col-lg-6 col-md-6 col-12\">\n        <div class=\"input-area\">\n          <span class=\"wpcf7-form-control-wrap\" data-name=\"email\"><input size=\"40\" maxlength=\"400\" class=\"wpcf7-form-control wpcf7-email wpcf7-validates-as-required wpcf7-text wpcf7-validates-as-email\" aria-required=\"true\" aria-invalid=\"false\" placeholder=\"E-mail address\" value=\"\" type=\"email\" name=\"email\" \/><\/span>\n        <\/div>\n      <\/div>\n      <div class=\"col-lg-6 col-md-6 col-12\">\n        <div class=\"input-area\">\n          <span class=\"wpcf7-form-control-wrap\" data-name=\"phone\"><input size=\"40\" maxlength=\"400\" class=\"wpcf7-form-control wpcf7-tel wpcf7-validates-as-required wpcf7-text wpcf7-validates-as-tel\" aria-required=\"true\" aria-invalid=\"false\" placeholder=\"Phone\" value=\"\" type=\"tel\" name=\"phone\" \/><\/span>\n        <\/div>\n      <\/div>\n      <div class=\"col-lg-6 col-md-6 col-12\">\n        <div class=\"input-area\">\n          <span class=\"wpcf7-form-control-wrap\" data-name=\"subject\"><input size=\"40\" maxlength=\"400\" class=\"wpcf7-form-control wpcf7-text wpcf7-validates-as-required\" aria-required=\"true\" aria-invalid=\"false\" placeholder=\"What do you need?\" value=\"\" type=\"text\" name=\"subject\" \/><\/span>\n        <\/div>\n      <\/div>\n      <div class=\"col-lg-12 col-md-12 col-12\">\n        <div class=\"input-area\">\n          <span class=\"wpcf7-form-control-wrap\" data-name=\"service\"><input size=\"40\" maxlength=\"400\" class=\"wpcf7-form-control wpcf7-text wpcf7-validates-as-required\" aria-required=\"true\" aria-invalid=\"false\" placeholder=\"Service\" value=\"\" type=\"text\" name=\"service\" \/><\/span>\n        <\/div>\n      <\/div>\n      <div class=\"col-lg-12 col-md-12 col-12\">\n        <div class=\"input-area message\">\n          <span class=\"wpcf7-form-control-wrap\" data-name=\"message\"><textarea cols=\"10\" rows=\"5\" maxlength=\"2000\" class=\"wpcf7-form-control wpcf7-textarea wpcf7-validates-as-required\" aria-required=\"true\" aria-invalid=\"false\" placeholder=\"Your message\" name=\"message\"><\/textarea><\/span>\n        <\/div>\n        <div class=\"eco-contact-button button\">\n          <input class=\"wpcf7-form-control wpcf7-submit has-spinner blob-btn\" type=\"submit\" value=\"Send to\" \/><div class=\"wpcf7-response-output\" aria-hidden=\"true\"><\/div>\n        <\/div>\n      <\/div>\n    <\/div>\n  <\/div>\n<\/div>\n<input type=\"hidden\" name=\"trp-form-language\" value=\"en\"\/><\/form>\n<\/div>\n<\/div>\n\t\t\t\t\t\t<\/div>\n\t\t\t\t<\/div>\n\t\t\t\t\t<\/div>\n\t\t\t\t<\/div>\n\t\t\t\t<\/div>","protected":false},"excerpt":{"rendered":"<p>Asesor\u00eda T\u00e9cnica y Formaci\u00f3n ATLAN &gt; Asesor\u00eda T\u00e9cnica y Formaci\u00f3n FORMACI\u00d3N QUE TRANSFORMA Asesor\u00eda Ambiental y Formaci\u00f3n Especializada En Atlan ofrecemos un servicio completo de asesor\u00eda t\u00e9cnica, facilitando la relaci\u00f3n y comunicaci\u00f3n con entidades reguladoras y organismos oficiales como las Confederaciones Hidrogr\u00e1ficas y otros organismos administrativos relacionados con el sector ambiental. Nuestro objetivo es acompa\u00f1arte [&hellip;]<\/p>","protected":false},"author":1,"featured_media":0,"parent":8994,"menu_order":0,"comment_status":"closed","ping_status":"closed","template":"template-home.php","meta":{"give_campaign_id":0,"_monsterinsights_skip_tracking":false,"_monsterinsights_sitenote_active":false,"_monsterinsights_sitenote_note":"","_monsterinsights_sitenote_category":0,"footnotes":""},"class_list":["post-6835","page","type-page","status-publish","hentry"],"aioseo_notices":[],"campaignId":"","_links":{"self":[{"href":"https:\/\/oceatlan.es\/en\/wp-json\/wp\/v2\/pages\/6835","targetHints":{"allow":["GET"]}}],"collection":[{"href":"https:\/\/oceatlan.es\/en\/wp-json\/wp\/v2\/pages"}],"about":[{"href":"https:\/\/oceatlan.es\/en\/wp-json\/wp\/v2\/types\/page"}],"author":[{"embeddable":true,"href":"https:\/\/oceatlan.es\/en\/wp-json\/wp\/v2\/users\/1"}],"replies":[{"embeddable":true,"href":"https:\/\/oceatlan.es\/en\/wp-json\/wp\/v2\/comments?post=6835"}],"version-history":[{"count":106,"href":"https:\/\/oceatlan.es\/en\/wp-json\/wp\/v2\/pages\/6835\/revisions"}],"predecessor-version":[{"id":9651,"href":"https:\/\/oceatlan.es\/en\/wp-json\/wp\/v2\/pages\/6835\/revisions\/9651"}],"up":[{"embeddable":true,"href":"https:\/\/oceatlan.es\/en\/wp-json\/wp\/v2\/pages\/8994"}],"wp:attachment":[{"href":"https:\/\/oceatlan.es\/en\/wp-json\/wp\/v2\/media?parent=6835"}],"curies":[{"name":"wp","href":"https:\/\/api.w.org\/{rel}","templated":true}]}}