{"id":8994,"date":"2025-05-26T13:48:04","date_gmt":"2025-05-26T13:48:04","guid":{"rendered":"https:\/\/oceatlan.es\/?page_id=8994"},"modified":"2025-05-27T12:41:25","modified_gmt":"2025-05-27T12:41:25","slug":"servicios","status":"publish","type":"page","link":"https:\/\/oceatlan.es\/en\/servicios\/","title":{"rendered":"Services"},"content":{"rendered":"<div data-elementor-type=\"wp-page\" data-elementor-id=\"8994\" class=\"elementor elementor-8994\">\n\t\t\t\t\t\t<section class=\"elementor-section elementor-top-section elementor-element elementor-element-6b2a872 elementor-section-full_width elementor-section-height-default elementor-section-height-default\" data-id=\"6b2a872\" data-element_type=\"section\" data-settings=\"{&quot;background_background&quot;:&quot;classic&quot;}\">\n\t\t\t\t\t\t<div class=\"elementor-container elementor-column-gap-no\">\n\t\t\t\t\t<div class=\"elementor-column elementor-col-100 elementor-top-column elementor-element elementor-element-2305551\" data-id=\"2305551\" data-element_type=\"column\" data-settings=\"{&quot;background_background&quot;:&quot;slideshow&quot;,&quot;background_slideshow_gallery&quot;:[],&quot;background_slideshow_loop&quot;:&quot;yes&quot;,&quot;background_slideshow_slide_duration&quot;:5000,&quot;background_slideshow_slide_transition&quot;:&quot;fade&quot;,&quot;background_slideshow_transition_duration&quot;:500}\">\n\t\t\t<div class=\"elementor-widget-wrap elementor-element-populated\">\n\t\t\t\t\t\t<div class=\"elementor-element elementor-element-5d667c2 elementor-widget elementor-widget-heading\" data-id=\"5d667c2\" data-element_type=\"widget\" data-widget_type=\"heading.default\">\n\t\t\t\t<div class=\"elementor-widget-container\">\n\t\t\t\t\t<h2 class=\"elementor-heading-title elementor-size-default\">Services<\/h2>\t\t\t\t<\/div>\n\t\t\t\t<\/div>\n\t\t\t\t<div class=\"elementor-element elementor-element-caa67b6 elementor-widget elementor-widget-text-editor\" data-id=\"caa67b6\" data-element_type=\"widget\" data-widget_type=\"text-editor.default\">\n\t\t\t\t<div class=\"elementor-widget-container\">\n\t\t\t\t\t\t\t\t\t<p><span style=\"color: #339966;\">ATLAN &gt;<\/span> Services<\/p>\t\t\t\t\t\t\t\t<\/div>\n\t\t\t\t<\/div>\n\t\t\t\t\t<\/div>\n\t\t<\/div>\n\t\t\t\t\t<\/div>\n\t\t<\/section>\n\t\t\t\t<section class=\"elementor-section elementor-top-section elementor-element elementor-element-0402605 elementor-section-boxed elementor-section-height-default elementor-section-height-default\" data-id=\"0402605\" data-element_type=\"section\">\n\t\t\t\t\t\t<div class=\"elementor-container elementor-column-gap-default\">\n\t\t\t\t\t<div class=\"elementor-column elementor-col-100 elementor-top-column elementor-element elementor-element-c398ac4\" data-id=\"c398ac4\" data-element_type=\"column\">\n\t\t\t<div class=\"elementor-widget-wrap elementor-element-populated\">\n\t\t\t\t\t\t<div class=\"elementor-element elementor-element-2d3cf1d elementor-widget elementor-widget-ecofinecore_title\" data-id=\"2d3cf1d\" data-element_type=\"widget\" data-widget_type=\"ecofinecore_title.default\">\n\t\t\t\t<div class=\"elementor-widget-container\">\n\t\t\t\t\t        <div class=\"eco-section-title-wrapper\">\n            <div class=\"\">\n                <div class=\"eco-section-title-content\">\n                                            <h4 class=\"eco-section-small-title\">\n                            EXPERTS IN ENVIRONMENTAL ENGINEERING                        <\/h4>\n                                                                <h2 class=\"eco-section-title\">\n                            Tailored Technical and Environmental Solutions                                                    <\/h2>\n                    \n                                            <div class=\"section-desc\">\n                            From laboratory testing to advanced consulting, we design and implement effective strategies for the treatment, optimization, and management of effluents.                        <\/div>\n                                    <\/div>\n            <\/div>\n        <\/div>\n\t\t\t\t<\/div>\n\t\t\t\t<\/div>\n\t\t\t\t\t<\/div>\n\t\t<\/div>\n\t\t\t\t\t<\/div>\n\t\t<\/section>\n\t\t\t\t<section class=\"elementor-section elementor-top-section elementor-element elementor-element-dbb206c elementor-section-boxed elementor-section-height-default elementor-section-height-default\" data-id=\"dbb206c\" data-element_type=\"section\">\n\t\t\t\t\t\t<div class=\"elementor-container elementor-column-gap-default\">\n\t\t\t\t\t<div class=\"elementor-column elementor-col-100 elementor-top-column elementor-element elementor-element-0da1868\" data-id=\"0da1868\" data-element_type=\"column\">\n\t\t\t<div class=\"elementor-widget-wrap elementor-element-populated\">\n\t\t\t\t\t\t<div class=\"elementor-element elementor-element-6c31057 elementor-widget elementor-widget-ecofinecore_services_five\" data-id=\"6c31057\" data-element_type=\"widget\" data-widget_type=\"ecofinecore_services_five.default\">\n\t\t\t\t<div class=\"elementor-widget-container\">\n\t\t\t\t\t\r\n        <!-- Service Section  -->\r\n\r\n        <div class=\"service-section-five-wrapper\">\r\n            <div class=\"container\">\r\n                <div class=\"row\">\r\n                                            <div class=\"col-xl-4 col-lg-4 col-md-6\">\r\n                            <div class=\"service-five-item\">\r\n                                <div class=\"service-five-image\"> <img fetchpriority=\"high\" decoding=\"async\" width=\"800\" height=\"690\" src=\"https:\/\/oceatlan.es\/wp-content\/uploads\/2024\/05\/1-2.jpg\" class=\"attachment-full size-full\" alt=\"\" srcset=\"https:\/\/oceatlan.es\/wp-content\/uploads\/2024\/05\/1-2.jpg 800w, https:\/\/oceatlan.es\/wp-content\/uploads\/2024\/05\/1-2-600x518.jpg 600w, https:\/\/oceatlan.es\/wp-content\/uploads\/2024\/05\/1-2-300x259.jpg 300w, https:\/\/oceatlan.es\/wp-content\/uploads\/2024\/05\/1-2-768x662.jpg 768w\" sizes=\"(max-width: 800px) 100vw, 800px\" \/> <\/div>\r\n                                <div class=\"service-five-content\">\r\n                                                                                                                <h5 class=\"service-five-title\">\r\n                                                                                            <a href=\"https:\/\/oceatlan.es\/en\/ensayos-de-laboratorio-y-en-planta-piloto\/\" class=\"service-titile-link\" tabindex=\"0\">\r\n                                                                                                Laboratory and pilot plant tests                                                                                                <\/a>\r\n                                                                                    <\/h5>\r\n                                                                    <\/div>\r\n                            <\/div>\r\n                        <\/div>\r\n                                            <div class=\"col-xl-4 col-lg-4 col-md-6\">\r\n                            <div class=\"service-five-item\">\r\n                                <div class=\"service-five-image\"> <img decoding=\"async\" width=\"800\" height=\"691\" src=\"https:\/\/oceatlan.es\/wp-content\/uploads\/2024\/05\/5-1.jpg\" class=\"attachment-full size-full\" alt=\"\" srcset=\"https:\/\/oceatlan.es\/wp-content\/uploads\/2024\/05\/5-1.jpg 800w, https:\/\/oceatlan.es\/wp-content\/uploads\/2024\/05\/5-1-600x518.jpg 600w, https:\/\/oceatlan.es\/wp-content\/uploads\/2024\/05\/5-1-300x259.jpg 300w, https:\/\/oceatlan.es\/wp-content\/uploads\/2024\/05\/5-1-768x663.jpg 768w\" sizes=\"(max-width: 800px) 100vw, 800px\" \/> <\/div>\r\n                                <div class=\"service-five-content\">\r\n                                                                                                                <h5 class=\"service-five-title\">\r\n                                                                                            <a href=\"https:\/\/oceatlan.es\/en\/proyecto-e-instalacion\/\" class=\"service-titile-link\" tabindex=\"0\">\r\n                                                                                                Project and installation of effluents                                                                                                <\/a>\r\n                                                                                    <\/h5>\r\n                                                                    <\/div>\r\n                            <\/div>\r\n                        <\/div>\r\n                                            <div class=\"col-xl-4 col-lg-4 col-md-6\">\r\n                            <div class=\"service-five-item\">\r\n                                <div class=\"service-five-image\"> <img decoding=\"async\" width=\"800\" height=\"690\" src=\"https:\/\/oceatlan.es\/wp-content\/uploads\/2024\/05\/2-4.jpg\" class=\"attachment-full size-full\" alt=\"\" srcset=\"https:\/\/oceatlan.es\/wp-content\/uploads\/2024\/05\/2-4.jpg 800w, https:\/\/oceatlan.es\/wp-content\/uploads\/2024\/05\/2-4-600x518.jpg 600w, https:\/\/oceatlan.es\/wp-content\/uploads\/2024\/05\/2-4-300x259.jpg 300w, https:\/\/oceatlan.es\/wp-content\/uploads\/2024\/05\/2-4-768x662.jpg 768w\" sizes=\"(max-width: 800px) 100vw, 800px\" \/> <\/div>\r\n                                <div class=\"service-five-content\">\r\n                                                                                                                <h5 class=\"service-five-title\">\r\n                                                                                            <a href=\"https:\/\/oceatlan.es\/en\/asesoria-tecnica-y-formacion\/\" class=\"service-titile-link\" tabindex=\"0\">\r\n                                                                                                Asesor\u00eda t\u00e9cnica y formaci\u00f3n para cada necesidad                                                                                                <\/a>\r\n                                                                                    <\/h5>\r\n                                                                    <\/div>\r\n                            <\/div>\r\n                        <\/div>\r\n                                    <\/div>\r\n            <\/div>\r\n        <\/div>\r\n        <!--End Service Section  -->\r\n\t\t\t\t<\/div>\n\t\t\t\t<\/div>\n\t\t\t\t<div class=\"elementor-element elementor-element-7391362 elementor-widget__width-initial elementor-widget elementor-widget-ecofinecore_services_five\" data-id=\"7391362\" data-element_type=\"widget\" data-widget_type=\"ecofinecore_services_five.default\">\n\t\t\t\t<div class=\"elementor-widget-container\">\n\t\t\t\t\t\r\n        <!-- Service Section  -->\r\n\r\n        <div class=\"service-section-five-wrapper\">\r\n            <div class=\"container\">\r\n                <div class=\"row\">\r\n                                            <div class=\"col-xl-4 col-lg-4 col-md-6\">\r\n                            <div class=\"service-five-item\">\r\n                                <div class=\"service-five-image\"> <img loading=\"lazy\" decoding=\"async\" width=\"800\" height=\"691\" src=\"https:\/\/oceatlan.es\/wp-content\/uploads\/2024\/05\/4-1.jpg\" class=\"attachment-full size-full\" alt=\"\" srcset=\"https:\/\/oceatlan.es\/wp-content\/uploads\/2024\/05\/4-1.jpg 800w, https:\/\/oceatlan.es\/wp-content\/uploads\/2024\/05\/4-1-600x518.jpg 600w, https:\/\/oceatlan.es\/wp-content\/uploads\/2024\/05\/4-1-300x259.jpg 300w, https:\/\/oceatlan.es\/wp-content\/uploads\/2024\/05\/4-1-768x663.jpg 768w\" sizes=\"(max-width: 800px) 100vw, 800px\" \/> <\/div>\r\n                                <div class=\"service-five-content\">\r\n                                                                                                                <h5 class=\"service-five-title\">\r\n                                                                                            <a href=\"https:\/\/oceatlan.es\/en\/reingenieria-y-optimizacion\/\" class=\"service-titile-link\" tabindex=\"0\">\r\n                                                                                                Reengineering and development optimization                                                                                                <\/a>\r\n                                                                                    <\/h5>\r\n                                                                    <\/div>\r\n                            <\/div>\r\n                        <\/div>\r\n                                            <div class=\"col-xl-4 col-lg-4 col-md-6\">\r\n                            <div class=\"service-five-item\">\r\n                                <div class=\"service-five-image\"> <img loading=\"lazy\" decoding=\"async\" width=\"800\" height=\"690\" src=\"https:\/\/oceatlan.es\/wp-content\/uploads\/2024\/05\/3-3.jpg\" class=\"attachment-full size-full\" alt=\"\" srcset=\"https:\/\/oceatlan.es\/wp-content\/uploads\/2024\/05\/3-3.jpg 800w, https:\/\/oceatlan.es\/wp-content\/uploads\/2024\/05\/3-3-600x518.jpg 600w, https:\/\/oceatlan.es\/wp-content\/uploads\/2024\/05\/3-3-300x259.jpg 300w, https:\/\/oceatlan.es\/wp-content\/uploads\/2024\/05\/3-3-768x662.jpg 768w\" sizes=\"(max-width: 800px) 100vw, 800px\" \/> <\/div>\r\n                                <div class=\"service-five-content\">\r\n                                                                                                                <h5 class=\"service-five-title\">\r\n                                                                                            <a href=\"https:\/\/oceatlan.es\/en\/servicio1\/\" class=\"service-titile-link\" tabindex=\"0\">\r\n                                                                                                Minimization and treatment consulting                                                                                                <\/a>\r\n                                                                                    <\/h5>\r\n                                                                    <\/div>\r\n                            <\/div>\r\n                        <\/div>\r\n                                    <\/div>\r\n            <\/div>\r\n        <\/div>\r\n        <!--End Service Section  -->\r\n\t\t\t\t<\/div>\n\t\t\t\t<\/div>\n\t\t\t\t\t<\/div>\n\t\t<\/div>\n\t\t\t\t\t<\/div>\n\t\t<\/section>\n\t\t\t\t<\/div>","protected":false},"excerpt":{"rendered":"<p>Servicios ATLAN &gt; Servicios EXPERTOS EN INGENIER\u00cdA MEDIOAMBIENTE Soluciones T\u00e9cnicas y Medioambientales a Medida Desde ensayos en laboratorio hasta consultor\u00eda avanzada, dise\u00f1amos e implementamos estrategias eficaces para el tratamiento, optimizaci\u00f3n y gesti\u00f3n de efluentes. Ensayos de laboratorio y en planta Piloto Proyecto e instalaci\u00f3n de efluentes Asesor\u00eda t\u00e9cnica y formaci\u00f3n para cada necesidad Reingenier\u00eda y [&hellip;]<\/p>","protected":false},"author":1,"featured_media":0,"parent":0,"menu_order":0,"comment_status":"closed","ping_status":"closed","template":"template-home.php","meta":{"give_campaign_id":0,"_monsterinsights_skip_tracking":false,"_monsterinsights_sitenote_active":false,"_monsterinsights_sitenote_note":"","_monsterinsights_sitenote_category":0,"footnotes":""},"class_list":["post-8994","page","type-page","status-publish","hentry"],"aioseo_notices":[],"campaignId":"","_links":{"self":[{"href":"https:\/\/oceatlan.es\/en\/wp-json\/wp\/v2\/pages\/8994","targetHints":{"allow":["GET"]}}],"collection":[{"href":"https:\/\/oceatlan.es\/en\/wp-json\/wp\/v2\/pages"}],"about":[{"href":"https:\/\/oceatlan.es\/en\/wp-json\/wp\/v2\/types\/page"}],"author":[{"embeddable":true,"href":"https:\/\/oceatlan.es\/en\/wp-json\/wp\/v2\/users\/1"}],"replies":[{"embeddable":true,"href":"https:\/\/oceatlan.es\/en\/wp-json\/wp\/v2\/comments?post=8994"}],"version-history":[{"count":8,"href":"https:\/\/oceatlan.es\/en\/wp-json\/wp\/v2\/pages\/8994\/revisions"}],"predecessor-version":[{"id":9098,"href":"https:\/\/oceatlan.es\/en\/wp-json\/wp\/v2\/pages\/8994\/revisions\/9098"}],"wp:attachment":[{"href":"https:\/\/oceatlan.es\/en\/wp-json\/wp\/v2\/media?parent=8994"}],"curies":[{"name":"wp","href":"https:\/\/api.w.org\/{rel}","templated":true}]}}