{"id":3206,"date":"2021-07-04T20:44:32","date_gmt":"2021-07-04T20:44:32","guid":{"rendered":"https:\/\/ecofine.themepul.com\/?post_type=product&#038;p=3206"},"modified":"2025-05-30T06:14:46","modified_gmt":"2025-05-30T06:14:46","slug":"kits-de-analisis-de-agua-y-aire","status":"publish","type":"product","link":"https:\/\/oceatlan.es\/en\/product\/kits-de-analisis-de-agua-y-aire\/","title":{"rendered":"Kits de an\u00e1lisis de agua y aire"},"content":{"rendered":"<p>Nuestro Kit de An\u00e1lisis de Agua y Aire est\u00e1 dise\u00f1ado para proporcionar a los usuarios conscientes del medio ambiente una herramienta precisa y f\u00e1cil de usar para evaluar la calidad ambiental en sus hogares. Este kit incluye an\u00e1lisis detallados para agua (cloro, dureza, metales pesados, pH) y aire (CO\u2082, part\u00edculas), permitiendo a los usuarios tomar medidas informadas para mejorar la salud ambiental de su entorno.<\/p>\n<p>&nbsp;<\/p>\n<p data-start=\"601\" data-end=\"627\"><strong data-start=\"601\" data-end=\"627\">Caracter\u00edsticas clave:<\/strong><\/p>\n<ul data-start=\"628\" data-end=\"1170\">\n<li data-start=\"628\" data-end=\"698\">\n<p data-start=\"630\" data-end=\"698\"><strong data-start=\"630\" data-end=\"655\">Precisi\u00f3n Cient\u00edfica:<\/strong> Basado en m\u00e9todos cient\u00edficos reconocidos.<\/p>\n<\/li>\n<li data-start=\"699\" data-end=\"799\">\n<p data-start=\"701\" data-end=\"799\"><strong data-start=\"701\" data-end=\"722\">Facilidad de Uso:<\/strong> Dise\u00f1ado para uso dom\u00e9stico sin necesidad de conocimientos t\u00e9cnicos previos.<\/p>\n<\/li>\n<li data-start=\"800\" data-end=\"934\">\n<p data-start=\"802\" data-end=\"934\"><strong data-start=\"802\" data-end=\"835\">Interpretaci\u00f3n de Resultados:<\/strong> Gu\u00edas claras que ayudan a interpretar los resultados y tomar acciones correctivas si es necesario.<\/p>\n<\/li>\n<li data-start=\"935\" data-end=\"1054\">\n<p data-start=\"937\" data-end=\"1054\"><strong data-start=\"937\" data-end=\"976\">Comparativas con Normativa Oficial:<\/strong> Cumple con los est\u00e1ndares regulatorios para asegurar la calidad del an\u00e1lisis.<\/p>\n<\/li>\n<li data-start=\"1055\" data-end=\"1170\">\n<p data-start=\"1057\" data-end=\"1170\"><strong data-start=\"1057\" data-end=\"1089\">Asesoramiento Personalizado:<\/strong> Ofrecemos soporte t\u00e9cnico especializado para resolver cualquier duda o consulta.<\/p>\n<\/li>\n<\/ul>\n<p>&nbsp;<\/p>\n<p data-start=\"1172\" data-end=\"1397\">Descubre c\u00f3mo nuestro Kit de An\u00e1lisis de Agua y Aire puede transformar la manera en que percibes y gestionas la calidad ambiental de tu hogar. \u00a1Haz tu pedido hoy mismo y comienza a crear un entorno m\u00e1s saludable y sostenible!<\/p>","protected":false},"excerpt":{"rendered":"<p>Nuestro Kit de An\u00e1lisis de Agua y Aire est\u00e1 dise\u00f1ado para proporcionar a los usuarios conscientes del medio ambiente una herramienta precisa y f\u00e1cil de usar para evaluar la calidad ambiental en sus hogares. Este kit incluye an\u00e1lisis detallados para agua (cloro, dureza, metales pesados, pH) y aire (CO\u2082, part\u00edculas), permitiendo a los usuarios tomar medidas informadas para mejorar la salud ambiental de su entorno.<\/p>","protected":false},"featured_media":9666,"template":"","meta":{"give_campaign_id":0,"_monsterinsights_skip_tracking":false,"_monsterinsights_sitenote_active":false,"_monsterinsights_sitenote_note":"","_monsterinsights_sitenote_category":0},"product_brand":[],"product_cat":[29],"product_tag":[],"class_list":{"0":"post-3206","1":"product","2":"type-product","3":"status-publish","4":"has-post-thumbnail","6":"product_cat-soluciones-ambientales-para-hogares","8":"first","9":"instock","10":"featured","11":"shipping-taxable","12":"purchasable","13":"product-type-simple"},"aioseo_notices":[],"_links":{"self":[{"href":"https:\/\/oceatlan.es\/en\/wp-json\/wp\/v2\/product\/3206","targetHints":{"allow":["GET"]}}],"collection":[{"href":"https:\/\/oceatlan.es\/en\/wp-json\/wp\/v2\/product"}],"about":[{"href":"https:\/\/oceatlan.es\/en\/wp-json\/wp\/v2\/types\/product"}],"wp:featuredmedia":[{"embeddable":true,"href":"https:\/\/oceatlan.es\/en\/wp-json\/wp\/v2\/media\/9666"}],"wp:attachment":[{"href":"https:\/\/oceatlan.es\/en\/wp-json\/wp\/v2\/media?parent=3206"}],"wp:term":[{"taxonomy":"product_brand","embeddable":true,"href":"https:\/\/oceatlan.es\/en\/wp-json\/wp\/v2\/product_brand?post=3206"},{"taxonomy":"product_cat","embeddable":true,"href":"https:\/\/oceatlan.es\/en\/wp-json\/wp\/v2\/product_cat?post=3206"},{"taxonomy":"product_tag","embeddable":true,"href":"https:\/\/oceatlan.es\/en\/wp-json\/wp\/v2\/product_tag?post=3206"}],"curies":[{"name":"wp","href":"https:\/\/api.w.org\/{rel}","templated":true}]}}