{"id":9667,"date":"2025-05-30T06:39:59","date_gmt":"2025-05-30T06:39:59","guid":{"rendered":"https:\/\/oceatlan.es\/?post_type=product&#038;p=9667"},"modified":"2025-05-30T07:38:59","modified_gmt":"2025-05-30T07:38:59","slug":"filtros-y-osmotizadores-de-agua-domesticos","status":"publish","type":"product","link":"https:\/\/oceatlan.es\/en\/product\/filtros-y-osmotizadores-de-agua-domesticos\/","title":{"rendered":"Filtros y Osmotizadores de Agua Dom\u00e9sticos"},"content":{"rendered":"<p data-start=\"217\" data-end=\"541\">Elige el sistema de purificaci\u00f3n de agua m\u00e1s adecuado para tu hogar con nuestras soluciones t\u00e9cnicas basadas en evidencia. Ponemos a tu disposici\u00f3n una cuidada selecci\u00f3n de <strong data-start=\"390\" data-end=\"428\">filtros y osmotizadores dom\u00e9sticos<\/strong>, evaluados y comparados por su eficacia frente a contaminantes comunes (cloro, metales pesados, nitratos, etc.).<\/p>\n<p data-start=\"543\" data-end=\"569\"><strong data-start=\"543\" data-end=\"569\">Caracter\u00edsticas clave:<\/strong><\/p>\n<ul data-start=\"570\" data-end=\"1150\">\n<li data-start=\"570\" data-end=\"705\">\n<p data-start=\"572\" data-end=\"705\"><strong data-start=\"572\" data-end=\"605\">An\u00e1lisis T\u00e9cnico Comparativo:<\/strong> Informaci\u00f3n clara y objetiva sobre rendimiento, capacidad de filtrado, mantenimiento y durabilidad.<\/p>\n<\/li>\n<li data-start=\"706\" data-end=\"809\">\n<p data-start=\"708\" data-end=\"809\"><strong data-start=\"708\" data-end=\"740\">Selecci\u00f3n Basada en Ciencia:<\/strong> Productos seleccionados seg\u00fan criterios qu\u00edmicos y de salud p\u00fablica.<\/p>\n<\/li>\n<li data-start=\"810\" data-end=\"937\">\n<p data-start=\"812\" data-end=\"937\"><strong data-start=\"812\" data-end=\"858\">Compatibilidad y Facilidad de Instalaci\u00f3n:<\/strong> Recomendaciones seg\u00fan el tipo de vivienda, presi\u00f3n de agua y consumo familiar.<\/p>\n<\/li>\n<li data-start=\"938\" data-end=\"1051\">\n<p data-start=\"940\" data-end=\"1051\"><strong data-start=\"940\" data-end=\"960\">Gu\u00edas Pr\u00e1cticas:<\/strong> Incluye orientaci\u00f3n para interpretar el agua de entrada y elegir el sistema m\u00e1s eficiente.<\/p>\n<\/li>\n<li data-start=\"1052\" data-end=\"1150\">\n<p data-start=\"1054\" data-end=\"1150\"><strong data-start=\"1054\" data-end=\"1081\">Asesoramiento a Medida:<\/strong> Te ayudamos a encontrar la mejor soluci\u00f3n seg\u00fan tu an\u00e1lisis de agua.<\/p>\n<\/li>\n<\/ul>\n<p data-start=\"1152\" data-end=\"1219\">Mejora la calidad de tu agua con confianza y transparencia t\u00e9cnica.<\/p>","protected":false},"excerpt":{"rendered":"<p>Elige el sistema de purificaci\u00f3n de agua m\u00e1s adecuado para tu hogar con nuestras soluciones t\u00e9cnicas basadas en evidencia. Ponemos a tu disposici\u00f3n una cuidada selecci\u00f3n de <strong data-start=\"390\" data-end=\"428\">filtros y osmotizadores dom\u00e9sticos<\/strong>, evaluados y comparados por su eficacia frente a contaminantes comunes (cloro, metales pesados, nitratos, etc.).<\/p>","protected":false},"featured_media":9706,"template":"","meta":{"give_campaign_id":0,"_monsterinsights_skip_tracking":false,"_monsterinsights_sitenote_active":false,"_monsterinsights_sitenote_note":"","_monsterinsights_sitenote_category":0},"product_brand":[],"product_cat":[29],"product_tag":[],"class_list":{"0":"post-9667","1":"product","2":"type-product","3":"status-publish","4":"has-post-thumbnail","6":"product_cat-soluciones-ambientales-para-hogares","8":"first","9":"instock","10":"featured","11":"shipping-taxable","12":"purchasable","13":"product-type-simple"},"aioseo_notices":[],"_links":{"self":[{"href":"https:\/\/oceatlan.es\/en\/wp-json\/wp\/v2\/product\/9667","targetHints":{"allow":["GET"]}}],"collection":[{"href":"https:\/\/oceatlan.es\/en\/wp-json\/wp\/v2\/product"}],"about":[{"href":"https:\/\/oceatlan.es\/en\/wp-json\/wp\/v2\/types\/product"}],"wp:featuredmedia":[{"embeddable":true,"href":"https:\/\/oceatlan.es\/en\/wp-json\/wp\/v2\/media\/9706"}],"wp:attachment":[{"href":"https:\/\/oceatlan.es\/en\/wp-json\/wp\/v2\/media?parent=9667"}],"wp:term":[{"taxonomy":"product_brand","embeddable":true,"href":"https:\/\/oceatlan.es\/en\/wp-json\/wp\/v2\/product_brand?post=9667"},{"taxonomy":"product_cat","embeddable":true,"href":"https:\/\/oceatlan.es\/en\/wp-json\/wp\/v2\/product_cat?post=9667"},{"taxonomy":"product_tag","embeddable":true,"href":"https:\/\/oceatlan.es\/en\/wp-json\/wp\/v2\/product_tag?post=9667"}],"curies":[{"name":"wp","href":"https:\/\/api.w.org\/{rel}","templated":true}]}}