{"id":9668,"date":"2025-05-30T06:41:58","date_gmt":"2025-05-30T06:41:58","guid":{"rendered":"https:\/\/oceatlan.es\/?post_type=product&#038;p=9668"},"modified":"2025-05-30T07:37:58","modified_gmt":"2025-05-30T07:37:58","slug":"mini-laboratorios-hazlo-tu-mismo","status":"publish","type":"product","link":"https:\/\/oceatlan.es\/en\/product\/mini-laboratorios-hazlo-tu-mismo\/","title":{"rendered":"Mini-Laboratorios \u201cHazlo T\u00fa Mismo\u201d"},"content":{"rendered":"<p data-start=\"1296\" data-end=\"1606\">Convierte tu hogar en un espacio de observaci\u00f3n ambiental activa con nuestros <strong data-start=\"1374\" data-end=\"1399\">mini-laboratorios DIY<\/strong>, ideales para detectar contaminantes como <strong data-start=\"1442\" data-end=\"1482\">rad\u00f3n, ars\u00e9nico, nitratos y sulfatos<\/strong> en agua, aire o suelos. Pensado para personas que buscan conocer el entorno que habitan con criterios t\u00e9cnicos y autonom\u00eda.<\/p>\n<p data-start=\"1608\" data-end=\"1634\"><strong data-start=\"1608\" data-end=\"1634\">Caracter\u00edsticas clave:<\/strong><\/p>\n<ul data-start=\"1635\" data-end=\"2106\">\n<li data-start=\"1635\" data-end=\"1721\">\n<p data-start=\"1637\" data-end=\"1721\"><strong data-start=\"1637\" data-end=\"1655\">F\u00e1cil de Usar:<\/strong> Dise\u00f1ado para uso dom\u00e9stico con instrucciones claras paso a paso.<\/p>\n<\/li>\n<li data-start=\"1722\" data-end=\"1811\">\n<p data-start=\"1724\" data-end=\"1811\"><strong data-start=\"1724\" data-end=\"1747\">Resultados Fiables:<\/strong> Basado en tecnolog\u00edas reconocidas por laboratorios ambientales.<\/p>\n<\/li>\n<li data-start=\"1812\" data-end=\"1917\">\n<p data-start=\"1814\" data-end=\"1917\"><strong data-start=\"1814\" data-end=\"1842\">Interpretaci\u00f3n Asistida:<\/strong> Incluye gu\u00edas de lectura, l\u00edmites recomendados y sugerencias de actuaci\u00f3n.<\/p>\n<\/li>\n<li data-start=\"1918\" data-end=\"2012\">\n<p data-start=\"1920\" data-end=\"2012\"><strong data-start=\"1920\" data-end=\"1950\">Formato Compacto y Seguro:<\/strong> No requiere manipulaci\u00f3n peligrosa ni equipamiento adicional.<\/p>\n<\/li>\n<li data-start=\"2013\" data-end=\"2106\">\n<p data-start=\"2015\" data-end=\"2106\"><strong data-start=\"2015\" data-end=\"2040\">Aplicaci\u00f3n Educativa:<\/strong> Ideal para aprender en familia o integrar en proyectos escolares.<\/p>\n<\/li>\n<\/ul>\n<p data-start=\"2108\" data-end=\"2204\">Un recurso pr\u00e1ctico y did\u00e1ctico para explorar el ambiente que te rodea con precisi\u00f3n cient\u00edfica.<\/p>","protected":false},"excerpt":{"rendered":"<p data-start=\"1296\" data-end=\"1606\">Convierte tu hogar en un espacio de observaci\u00f3n ambiental activa con nuestros <strong data-start=\"1374\" data-end=\"1399\">mini-laboratorios DIY<\/strong>, ideales para detectar contaminantes como <strong data-start=\"1442\" data-end=\"1482\">rad\u00f3n, ars\u00e9nico, nitratos y sulfatos<\/strong> en agua, aire o suelos. Pensado para personas que buscan conocer el entorno que habitan con criterios t\u00e9cnicos y autonom\u00eda.<\/p>\n<p data-start=\"1608\" data-end=\"1634\">","protected":false},"featured_media":9705,"template":"","meta":{"give_campaign_id":0,"_monsterinsights_skip_tracking":false,"_monsterinsights_sitenote_active":false,"_monsterinsights_sitenote_note":"","_monsterinsights_sitenote_category":0},"product_brand":[],"product_cat":[29],"product_tag":[],"class_list":{"0":"post-9668","1":"product","2":"type-product","3":"status-publish","4":"has-post-thumbnail","6":"product_cat-soluciones-ambientales-para-hogares","8":"first","9":"instock","10":"featured","11":"shipping-taxable","12":"purchasable","13":"product-type-simple"},"aioseo_notices":[],"_links":{"self":[{"href":"https:\/\/oceatlan.es\/en\/wp-json\/wp\/v2\/product\/9668","targetHints":{"allow":["GET"]}}],"collection":[{"href":"https:\/\/oceatlan.es\/en\/wp-json\/wp\/v2\/product"}],"about":[{"href":"https:\/\/oceatlan.es\/en\/wp-json\/wp\/v2\/types\/product"}],"wp:featuredmedia":[{"embeddable":true,"href":"https:\/\/oceatlan.es\/en\/wp-json\/wp\/v2\/media\/9705"}],"wp:attachment":[{"href":"https:\/\/oceatlan.es\/en\/wp-json\/wp\/v2\/media?parent=9668"}],"wp:term":[{"taxonomy":"product_brand","embeddable":true,"href":"https:\/\/oceatlan.es\/en\/wp-json\/wp\/v2\/product_brand?post=9668"},{"taxonomy":"product_cat","embeddable":true,"href":"https:\/\/oceatlan.es\/en\/wp-json\/wp\/v2\/product_cat?post=9668"},{"taxonomy":"product_tag","embeddable":true,"href":"https:\/\/oceatlan.es\/en\/wp-json\/wp\/v2\/product_tag?post=9668"}],"curies":[{"name":"wp","href":"https:\/\/api.w.org\/{rel}","templated":true}]}}