{"id":9669,"date":"2025-05-30T06:42:29","date_gmt":"2025-05-30T06:42:29","guid":{"rendered":"https:\/\/oceatlan.es\/?post_type=product&#038;p=9669"},"modified":"2025-05-30T07:37:07","modified_gmt":"2025-05-30T07:37:07","slug":"packs-de-limpieza","status":"publish","type":"product","link":"https:\/\/oceatlan.es\/en\/product\/packs-de-limpieza\/","title":{"rendered":"Packs de Limpieza"},"content":{"rendered":"<p data-start=\"2271\" data-end=\"2571\">Cuida tu hogar sin comprometer tu salud ni la del planeta con nuestros <strong data-start=\"2342\" data-end=\"2374\">packs de limpieza no t\u00f3xicos<\/strong>, seleccionados por especialistas en qu\u00edmica ambiental. Cada producto ha sido analizado en base a su composici\u00f3n, biodegradabilidad y eficacia real, sin marketing enga\u00f1oso ni qu\u00edmicos innecesarios.<\/p>\n<p data-start=\"2573\" data-end=\"2599\"><strong data-start=\"2573\" data-end=\"2599\">Caracter\u00edsticas clave:<\/strong><\/p>\n<ul data-start=\"2600\" data-end=\"3192\">\n<li data-start=\"2600\" data-end=\"2729\">\n<p data-start=\"2602\" data-end=\"2729\"><strong data-start=\"2602\" data-end=\"2628\">Selecci\u00f3n Responsable:<\/strong> Solo productos con ingredientes seguros, sin disruptores endocrinos ni compuestos vol\u00e1tiles da\u00f1inos.<\/p>\n<\/li>\n<li data-start=\"2730\" data-end=\"2840\">\n<p data-start=\"2732\" data-end=\"2840\"><strong data-start=\"2732\" data-end=\"2758\">Transparencia Qu\u00edmica:<\/strong> Etiquetas interpretadas por expertos para que sepas exactamente qu\u00e9 est\u00e1s usando.<\/p>\n<\/li>\n<li data-start=\"2841\" data-end=\"2943\">\n<p data-start=\"2843\" data-end=\"2943\"><strong data-start=\"2843\" data-end=\"2868\">Eficacia Garantizada:<\/strong> Limpieza real sin comprometer la salud de tu familia ni da\u00f1ar superficies.<\/p>\n<\/li>\n<li data-start=\"2944\" data-end=\"3075\">\n<p data-start=\"2946\" data-end=\"3075\"><strong data-start=\"2946\" data-end=\"2972\">Presentaci\u00f3n Tem\u00e1tica:<\/strong> Packs dise\u00f1ados por zonas (cocina, ba\u00f1o, superficies) o necesidades espec\u00edficas (al\u00e9rgenos, mascotas).<\/p>\n<\/li>\n<li data-start=\"3076\" data-end=\"3192\">\n<p data-start=\"3078\" data-end=\"3192\"><strong data-start=\"3078\" data-end=\"3102\">Contenido Educativo:<\/strong> Incluye gu\u00eda de uso y principios b\u00e1sicos de qu\u00edmica dom\u00e9stica para empoderar tu limpieza.<\/p>\n<\/li>\n<\/ul>\n<p data-start=\"3194\" data-end=\"3258\">Haz de tu limpieza diaria un acto consciente y libre de t\u00f3xicos.<\/p>","protected":false},"excerpt":{"rendered":"<p data-start=\"2271\" data-end=\"2571\">Cuida tu hogar sin comprometer tu salud ni la del planeta con nuestros <strong data-start=\"2342\" data-end=\"2374\">packs de limpieza no t\u00f3xicos<\/strong>, seleccionados por especialistas en qu\u00edmica ambiental. Cada producto ha sido analizado en base a su composici\u00f3n, biodegradabilidad y eficacia real, sin marketing enga\u00f1oso ni qu\u00edmicos innecesarios.<\/p>\n<p data-start=\"1608\" data-end=\"1634\">","protected":false},"featured_media":9704,"template":"","meta":{"give_campaign_id":0,"_monsterinsights_skip_tracking":false,"_monsterinsights_sitenote_active":false,"_monsterinsights_sitenote_note":"","_monsterinsights_sitenote_category":0},"product_brand":[],"product_cat":[29],"product_tag":[],"class_list":{"0":"post-9669","1":"product","2":"type-product","3":"status-publish","4":"has-post-thumbnail","6":"product_cat-soluciones-ambientales-para-hogares","8":"first","9":"instock","10":"featured","11":"shipping-taxable","12":"purchasable","13":"product-type-simple"},"aioseo_notices":[],"_links":{"self":[{"href":"https:\/\/oceatlan.es\/en\/wp-json\/wp\/v2\/product\/9669","targetHints":{"allow":["GET"]}}],"collection":[{"href":"https:\/\/oceatlan.es\/en\/wp-json\/wp\/v2\/product"}],"about":[{"href":"https:\/\/oceatlan.es\/en\/wp-json\/wp\/v2\/types\/product"}],"wp:featuredmedia":[{"embeddable":true,"href":"https:\/\/oceatlan.es\/en\/wp-json\/wp\/v2\/media\/9704"}],"wp:attachment":[{"href":"https:\/\/oceatlan.es\/en\/wp-json\/wp\/v2\/media?parent=9669"}],"wp:term":[{"taxonomy":"product_brand","embeddable":true,"href":"https:\/\/oceatlan.es\/en\/wp-json\/wp\/v2\/product_brand?post=9669"},{"taxonomy":"product_cat","embeddable":true,"href":"https:\/\/oceatlan.es\/en\/wp-json\/wp\/v2\/product_cat?post=9669"},{"taxonomy":"product_tag","embeddable":true,"href":"https:\/\/oceatlan.es\/en\/wp-json\/wp\/v2\/product_tag?post=9669"}],"curies":[{"name":"wp","href":"https:\/\/api.w.org\/{rel}","templated":true}]}}