{"id":9670,"date":"2025-05-30T06:44:03","date_gmt":"2025-05-30T06:44:03","guid":{"rendered":"https:\/\/oceatlan.es\/?post_type=product&#038;p=9670"},"modified":"2025-05-30T06:46:38","modified_gmt":"2025-05-30T06:46:38","slug":"curso-online-como-interpretar-los-resultados-de-un-analisis-de-agua","status":"publish","type":"product","link":"https:\/\/oceatlan.es\/en\/product\/curso-online-como-interpretar-los-resultados-de-un-analisis-de-agua\/","title":{"rendered":"C\u00f3mo Interpretar los Resultados de un An\u00e1lisis de Agua"},"content":{"rendered":"<p data-start=\"309\" data-end=\"658\">Aprende a leer y entender un an\u00e1lisis de agua de forma profesional y pr\u00e1ctica. Este curso est\u00e1 dise\u00f1ado para usuarios, t\u00e9cnicos o responsables de mantenimiento que necesitan <strong data-start=\"483\" data-end=\"524\">tomar decisiones con criterio t\u00e9cnico<\/strong> tras recibir un informe de laboratorio. Incluye una <strong data-start=\"577\" data-end=\"600\">hoja Excel editable<\/strong> con f\u00f3rmulas y gr\u00e1ficos para facilitar la interpretaci\u00f3n.<\/p>\n<p data-start=\"660\" data-end=\"686\"><strong data-start=\"660\" data-end=\"686\">Caracter\u00edsticas clave:<\/strong><\/p>\n<ul data-start=\"687\" data-end=\"1137\">\n<li data-start=\"687\" data-end=\"790\">\n<p data-start=\"689\" data-end=\"790\"><strong data-start=\"689\" data-end=\"712\">Aplicaci\u00f3n Directa:<\/strong> Ideal para quienes analizan agua en viviendas, pozos, comunidades o negocios.<\/p>\n<\/li>\n<li data-start=\"791\" data-end=\"865\">\n<p data-start=\"793\" data-end=\"865\"><strong data-start=\"793\" data-end=\"825\">Enfoque Did\u00e1ctico y Cr\u00edtico:<\/strong> Sin rodeos ni tecnicismos innecesarios.<\/p>\n<\/li>\n<li data-start=\"866\" data-end=\"949\">\n<p data-start=\"868\" data-end=\"949\"><strong data-start=\"868\" data-end=\"893\">Material Interactivo:<\/strong> Incluye v\u00eddeos, ejemplos reales y ejercicios pr\u00e1cticos.<\/p>\n<\/li>\n<li data-start=\"950\" data-end=\"1049\">\n<p data-start=\"952\" data-end=\"1049\"><strong data-start=\"952\" data-end=\"984\">Plantilla Excel Profesional:<\/strong> Automatiza el an\u00e1lisis de resultados seg\u00fan normativas oficiales.<\/p>\n<\/li>\n<li data-start=\"1050\" data-end=\"1137\">\n<p data-start=\"1052\" data-end=\"1137\"><strong data-start=\"1052\" data-end=\"1081\">Certificaci\u00f3n Disponible:<\/strong> Avalado por experiencia t\u00e9cnica en el sector ambiental.<\/p>\n<\/li>\n<\/ul>\n<p data-start=\"1139\" data-end=\"1201\">Convierte un informe lleno de cifras en decisiones informadas.<\/p>","protected":false},"excerpt":{"rendered":"<p data-start=\"309\" data-end=\"658\">Aprende a leer y entender un an\u00e1lisis de agua de forma profesional y pr\u00e1ctica. Este curso est\u00e1 dise\u00f1ado para usuarios, t\u00e9cnicos o responsables de mantenimiento que necesitan <strong data-start=\"483\" data-end=\"524\">tomar decisiones con criterio t\u00e9cnico<\/strong> tras recibir un informe de laboratorio. Incluye una <strong data-start=\"577\" data-end=\"600\">hoja Excel editable<\/strong> con f\u00f3rmulas y gr\u00e1ficos para facilitar la interpretaci\u00f3n.<\/p>\n<p data-start=\"660\" data-end=\"686\">\n<p data-start=\"1608\" data-end=\"1634\">","protected":false},"featured_media":9671,"template":"","meta":{"give_campaign_id":0,"_monsterinsights_skip_tracking":false,"_monsterinsights_sitenote_active":false,"_monsterinsights_sitenote_note":"","_monsterinsights_sitenote_category":0},"product_brand":[],"product_cat":[35],"product_tag":[55],"class_list":{"0":"post-9670","1":"product","2":"type-product","3":"status-publish","4":"has-post-thumbnail","6":"product_cat-formacion-tecnica-aplicada","7":"product_tag-curso-online","9":"first","10":"instock","11":"featured","12":"shipping-taxable","13":"purchasable","14":"product-type-simple"},"aioseo_notices":[],"_links":{"self":[{"href":"https:\/\/oceatlan.es\/en\/wp-json\/wp\/v2\/product\/9670","targetHints":{"allow":["GET"]}}],"collection":[{"href":"https:\/\/oceatlan.es\/en\/wp-json\/wp\/v2\/product"}],"about":[{"href":"https:\/\/oceatlan.es\/en\/wp-json\/wp\/v2\/types\/product"}],"wp:featuredmedia":[{"embeddable":true,"href":"https:\/\/oceatlan.es\/en\/wp-json\/wp\/v2\/media\/9671"}],"wp:attachment":[{"href":"https:\/\/oceatlan.es\/en\/wp-json\/wp\/v2\/media?parent=9670"}],"wp:term":[{"taxonomy":"product_brand","embeddable":true,"href":"https:\/\/oceatlan.es\/en\/wp-json\/wp\/v2\/product_brand?post=9670"},{"taxonomy":"product_cat","embeddable":true,"href":"https:\/\/oceatlan.es\/en\/wp-json\/wp\/v2\/product_cat?post=9670"},{"taxonomy":"product_tag","embeddable":true,"href":"https:\/\/oceatlan.es\/en\/wp-json\/wp\/v2\/product_tag?post=9670"}],"curies":[{"name":"wp","href":"https:\/\/api.w.org\/{rel}","templated":true}]}}