{"id":9672,"date":"2025-05-30T06:47:27","date_gmt":"2025-05-30T06:47:27","guid":{"rendered":"https:\/\/oceatlan.es\/?post_type=product&#038;p=9672"},"modified":"2025-05-30T07:35:23","modified_gmt":"2025-05-30T07:35:23","slug":"errores-comunes-al-comprar-filtros-de-agua-o-aire","status":"publish","type":"product","link":"https:\/\/oceatlan.es\/en\/product\/errores-comunes-al-comprar-filtros-de-agua-o-aire\/","title":{"rendered":"Errores Comunes al Comprar Filtros de Agua o Aire"},"content":{"rendered":"<p data-start=\"1276\" data-end=\"1554\">Evita malas decisiones con este <strong data-start=\"1308\" data-end=\"1336\">ebook pr\u00e1ctico y directo<\/strong>, que revela los errores m\u00e1s frecuentes a la hora de elegir sistemas de filtraci\u00f3n. Basado en a\u00f1os de experiencia evaluando soluciones t\u00e9cnicas reales, desmonta mitos de marketing y te gu\u00eda con fundamentos cient\u00edficos.<\/p>\n<p data-start=\"1556\" data-end=\"1582\"><strong data-start=\"1556\" data-end=\"1582\">Caracter\u00edsticas clave:<\/strong><\/p>\n<ul data-start=\"1583\" data-end=\"2018\">\n<li data-start=\"1583\" data-end=\"1679\">\n<p data-start=\"1585\" data-end=\"1679\"><strong data-start=\"1585\" data-end=\"1614\">Lectura \u00c1gil y Accesible:<\/strong> Ideal para usuarios no t\u00e9cnicos que buscan comprar con criterio.<\/p>\n<\/li>\n<li data-start=\"1680\" data-end=\"1758\">\n<p data-start=\"1682\" data-end=\"1758\"><strong data-start=\"1682\" data-end=\"1705\">Ejemplos Concretos:<\/strong> Casos reales de errores costosos (y c\u00f3mo evitarlos).<\/p>\n<\/li>\n<li data-start=\"1759\" data-end=\"1864\">\n<p data-start=\"1761\" data-end=\"1864\"><strong data-start=\"1761\" data-end=\"1786\">Explicaciones Claras:<\/strong> Comprende diferencias entre tecnolog\u00edas (osmosis, carb\u00f3n activo, HEPA, etc.).<\/p>\n<\/li>\n<li data-start=\"1865\" data-end=\"1951\">\n<p data-start=\"1867\" data-end=\"1951\"><strong data-start=\"1867\" data-end=\"1885\">Bonus T\u00e9cnico:<\/strong> Checklist descargable para evaluar productos antes de comprarlos.<\/p>\n<\/li>\n<li data-start=\"1952\" data-end=\"2018\">\n<p data-start=\"1954\" data-end=\"2018\"><strong data-start=\"1954\" data-end=\"1984\">Informaci\u00f3n Independiente:<\/strong> Sin intereses comerciales detr\u00e1s.<\/p>\n<\/li>\n<\/ul>\n<p data-start=\"2020\" data-end=\"2065\">Compra con cabeza, no con miedo ni confusi\u00f3n.<\/p>","protected":false},"excerpt":{"rendered":"<p data-start=\"309\" data-end=\"658\">Evita malas decisiones con este <strong data-start=\"1308\" data-end=\"1336\">ebook pr\u00e1ctico y directo<\/strong>, que revela los errores m\u00e1s frecuentes a la hora de elegir sistemas de filtraci\u00f3n. Basado en a\u00f1os de experiencia evaluando soluciones t\u00e9cnicas reales, desmonta mitos de marketing y te gu\u00eda con fundamentos cient\u00edficos.<\/p>","protected":false},"featured_media":9699,"template":"","meta":{"give_campaign_id":0,"_monsterinsights_skip_tracking":false,"_monsterinsights_sitenote_active":false,"_monsterinsights_sitenote_note":"","_monsterinsights_sitenote_category":0},"product_brand":[],"product_cat":[35],"product_tag":[56],"class_list":{"0":"post-9672","1":"product","2":"type-product","3":"status-publish","4":"has-post-thumbnail","6":"product_cat-formacion-tecnica-aplicada","7":"product_tag-ebook","9":"first","10":"instock","11":"featured","12":"shipping-taxable","13":"purchasable","14":"product-type-simple"},"aioseo_notices":[],"_links":{"self":[{"href":"https:\/\/oceatlan.es\/en\/wp-json\/wp\/v2\/product\/9672","targetHints":{"allow":["GET"]}}],"collection":[{"href":"https:\/\/oceatlan.es\/en\/wp-json\/wp\/v2\/product"}],"about":[{"href":"https:\/\/oceatlan.es\/en\/wp-json\/wp\/v2\/types\/product"}],"wp:featuredmedia":[{"embeddable":true,"href":"https:\/\/oceatlan.es\/en\/wp-json\/wp\/v2\/media\/9699"}],"wp:attachment":[{"href":"https:\/\/oceatlan.es\/en\/wp-json\/wp\/v2\/media?parent=9672"}],"wp:term":[{"taxonomy":"product_brand","embeddable":true,"href":"https:\/\/oceatlan.es\/en\/wp-json\/wp\/v2\/product_brand?post=9672"},{"taxonomy":"product_cat","embeddable":true,"href":"https:\/\/oceatlan.es\/en\/wp-json\/wp\/v2\/product_cat?post=9672"},{"taxonomy":"product_tag","embeddable":true,"href":"https:\/\/oceatlan.es\/en\/wp-json\/wp\/v2\/product_tag?post=9672"}],"curies":[{"name":"wp","href":"https:\/\/api.w.org\/{rel}","templated":true}]}}