{"id":9673,"date":"2025-05-30T06:48:34","date_gmt":"2025-05-30T06:48:34","guid":{"rendered":"https:\/\/oceatlan.es\/?post_type=product&#038;p=9673"},"modified":"2025-05-30T07:34:31","modified_gmt":"2025-05-30T07:34:31","slug":"ambientalizate-en-casa-habitos-saludables-con-fundamento-tecnico","status":"publish","type":"product","link":"https:\/\/oceatlan.es\/en\/product\/ambientalizate-en-casa-habitos-saludables-con-fundamento-tecnico\/","title":{"rendered":"\u201cAmbiental\u00edzate en Casa\u201d \u2014 H\u00e1bitos Saludables con Fundamento T\u00e9cnico"},"content":{"rendered":"<p data-start=\"2165\" data-end=\"2476\">Este taller intensivo te ense\u00f1a a reconocer riesgos invisibles en el entorno dom\u00e9stico y adoptar h\u00e1bitos saludables respaldados por ciencia, no modas. Abordamos temas clave como radiofrecuencias (WiFi, m\u00f3viles), ventilaci\u00f3n, limpieza sin t\u00f3xicos y m\u00e1s, desde un enfoque t\u00e9cnico y desmitificador.<\/p>\n<p data-start=\"2478\" data-end=\"2504\"><strong data-start=\"2478\" data-end=\"2504\">Caracter\u00edsticas clave:<\/strong><\/p>\n<ul data-start=\"2505\" data-end=\"2768\">\n<li data-start=\"2505\" data-end=\"2553\">\n<p data-start=\"2507\" data-end=\"2553\">Taller en Video o en Vivo (seg\u00fan edici\u00f3n).<\/p>\n<\/li>\n<li data-start=\"2554\" data-end=\"2618\">\n<p data-start=\"2556\" data-end=\"2618\">Explicaci\u00f3n Cient\u00edfica de Riesgos y Soluciones Dom\u00e9sticas.<\/p>\n<\/li>\n<li data-start=\"2619\" data-end=\"2665\">\n<p data-start=\"2621\" data-end=\"2665\">Ejercicios para Evaluar tu Propio Hogar.<\/p>\n<\/li>\n<li data-start=\"2666\" data-end=\"2711\">\n<p data-start=\"2668\" data-end=\"2711\">Material de Apoyo Visual y PDF Resumen.<\/p>\n<\/li>\n<li data-start=\"2712\" data-end=\"2768\">\n<p data-start=\"2714\" data-end=\"2768\">Interacci\u00f3n con el Formador (consultas incluidas).<\/p>\n<\/li>\n<\/ul>\n<p data-start=\"2770\" data-end=\"2869\">Ideal para familias, educadores o usuarios cr\u00edticos que buscan actuar con fundamento, no por miedo.<\/p>","protected":false},"excerpt":{"rendered":"<p data-start=\"309\" data-end=\"658\">Este taller intensivo te ense\u00f1a a reconocer riesgos invisibles en el entorno dom\u00e9stico y adoptar h\u00e1bitos saludables respaldados por ciencia, no modas. Abordamos temas clave como radiofrecuencias (WiFi, m\u00f3viles), ventilaci\u00f3n, limpieza sin t\u00f3xicos y m\u00e1s, desde un enfoque t\u00e9cnico y desmitificador.<\/p>","protected":false},"featured_media":9698,"template":"","meta":{"give_campaign_id":0,"_monsterinsights_skip_tracking":false,"_monsterinsights_sitenote_active":false,"_monsterinsights_sitenote_note":"","_monsterinsights_sitenote_category":0},"product_brand":[],"product_cat":[35],"product_tag":[57],"class_list":{"0":"post-9673","1":"product","2":"type-product","3":"status-publish","4":"has-post-thumbnail","6":"product_cat-formacion-tecnica-aplicada","7":"product_tag-taller-online","9":"first","10":"instock","11":"featured","12":"shipping-taxable","13":"purchasable","14":"product-type-simple"},"aioseo_notices":[],"_links":{"self":[{"href":"https:\/\/oceatlan.es\/en\/wp-json\/wp\/v2\/product\/9673","targetHints":{"allow":["GET"]}}],"collection":[{"href":"https:\/\/oceatlan.es\/en\/wp-json\/wp\/v2\/product"}],"about":[{"href":"https:\/\/oceatlan.es\/en\/wp-json\/wp\/v2\/types\/product"}],"wp:featuredmedia":[{"embeddable":true,"href":"https:\/\/oceatlan.es\/en\/wp-json\/wp\/v2\/media\/9698"}],"wp:attachment":[{"href":"https:\/\/oceatlan.es\/en\/wp-json\/wp\/v2\/media?parent=9673"}],"wp:term":[{"taxonomy":"product_brand","embeddable":true,"href":"https:\/\/oceatlan.es\/en\/wp-json\/wp\/v2\/product_brand?post=9673"},{"taxonomy":"product_cat","embeddable":true,"href":"https:\/\/oceatlan.es\/en\/wp-json\/wp\/v2\/product_cat?post=9673"},{"taxonomy":"product_tag","embeddable":true,"href":"https:\/\/oceatlan.es\/en\/wp-json\/wp\/v2\/product_tag?post=9673"}],"curies":[{"name":"wp","href":"https:\/\/api.w.org\/{rel}","templated":true}]}}