{"id":9678,"date":"2025-05-30T06:50:30","date_gmt":"2025-05-30T06:50:30","guid":{"rendered":"https:\/\/oceatlan.es\/?post_type=product&#038;p=9678"},"modified":"2025-05-30T06:51:53","modified_gmt":"2025-05-30T06:51:53","slug":"kit-de-microgreens","status":"publish","type":"product","link":"https:\/\/oceatlan.es\/en\/product\/kit-de-microgreens\/","title":{"rendered":"Kit de Microgreens"},"content":{"rendered":"<p data-start=\"193\" data-end=\"261\"><strong data-start=\"197\" data-end=\"261\">Kit de Microgreens con Semillas Bio, Sustrato y Gu\u00eda T\u00e9cnica<\/strong><\/p>\n<p data-start=\"263\" data-end=\"543\">Empieza a cultivar tu salud desde casa con nuestros <strong data-start=\"315\" data-end=\"348\">kits completos de microgreens<\/strong>, dise\u00f1ados para obtener brotes frescos, sabrosos y altamente nutritivos en solo unos d\u00edas. Incluye <strong data-start=\"448\" data-end=\"484\">semillas ecol\u00f3gicas certificadas<\/strong>, <strong data-start=\"486\" data-end=\"507\">sustrato org\u00e1nico<\/strong> y una <strong data-start=\"514\" data-end=\"542\">gu\u00eda t\u00e9cnica paso a paso<\/strong>.<\/p>\n<p data-start=\"545\" data-end=\"571\"><strong data-start=\"545\" data-end=\"571\">Caracter\u00edsticas clave:<\/strong><\/p>\n<ul data-start=\"572\" data-end=\"1045\">\n<li data-start=\"572\" data-end=\"686\">\n<p data-start=\"574\" data-end=\"686\"><strong data-start=\"574\" data-end=\"609\">Alta Concentraci\u00f3n Nutricional:<\/strong> Vitaminas, minerales, antioxidantes y compuestos bioactivos en formato vivo.<\/p>\n<\/li>\n<li data-start=\"687\" data-end=\"753\">\n<p data-start=\"689\" data-end=\"753\"><strong data-start=\"689\" data-end=\"710\">Cultivo Sencillo:<\/strong> No necesitas jard\u00edn ni experiencia previa.<\/p>\n<\/li>\n<li data-start=\"754\" data-end=\"860\">\n<p data-start=\"756\" data-end=\"860\"><strong data-start=\"756\" data-end=\"785\">Variedades Seleccionadas:<\/strong> R\u00e1banos, mostaza, br\u00f3coli, r\u00facula\u2026 con beneficios funcionales espec\u00edficos.<\/p>\n<\/li>\n<li data-start=\"861\" data-end=\"970\">\n<p data-start=\"863\" data-end=\"970\"><strong data-start=\"863\" data-end=\"889\">Gu\u00eda T\u00e9cnica Incluida:<\/strong> Consejos para optimizar cosecha, contenido de fenoles y condiciones de luz\/agua.<\/p>\n<\/li>\n<li data-start=\"971\" data-end=\"1045\">\n<p data-start=\"973\" data-end=\"1045\"><strong data-start=\"973\" data-end=\"997\">Sostenibilidad Real:<\/strong> Sin envases pl\u00e1sticos ni residuos innecesarios.<\/p>\n<\/li>\n<\/ul>\n<p data-start=\"1047\" data-end=\"1116\">Cultiva tu alimento y tu bienestar con solo un poco de espacio y luz.<\/p>","protected":false},"excerpt":{"rendered":"<p data-start=\"309\" data-end=\"658\">Empieza a cultivar tu salud desde casa con nuestros <strong data-start=\"315\" data-end=\"348\">kits completos de microgreens<\/strong>, dise\u00f1ados para obtener brotes frescos, sabrosos y altamente nutritivos en solo unos d\u00edas. Incluye <strong data-start=\"448\" data-end=\"484\">semillas ecol\u00f3gicas certificadas<\/strong>, <strong data-start=\"486\" data-end=\"507\">sustrato org\u00e1nico<\/strong> y una <strong data-start=\"514\" data-end=\"542\">gu\u00eda t\u00e9cnica paso a paso<\/strong>.<\/p>","protected":false},"featured_media":9681,"template":"","meta":{"give_campaign_id":0,"_monsterinsights_skip_tracking":false,"_monsterinsights_sitenote_active":false,"_monsterinsights_sitenote_note":"","_monsterinsights_sitenote_category":0},"product_brand":[],"product_cat":[47],"product_tag":[],"class_list":{"0":"post-9678","1":"product","2":"type-product","3":"status-publish","4":"has-post-thumbnail","6":"product_cat-salud-cultivable-y-funcional","8":"first","9":"instock","10":"featured","11":"shipping-taxable","12":"purchasable","13":"product-type-simple"},"aioseo_notices":[],"_links":{"self":[{"href":"https:\/\/oceatlan.es\/en\/wp-json\/wp\/v2\/product\/9678","targetHints":{"allow":["GET"]}}],"collection":[{"href":"https:\/\/oceatlan.es\/en\/wp-json\/wp\/v2\/product"}],"about":[{"href":"https:\/\/oceatlan.es\/en\/wp-json\/wp\/v2\/types\/product"}],"wp:featuredmedia":[{"embeddable":true,"href":"https:\/\/oceatlan.es\/en\/wp-json\/wp\/v2\/media\/9681"}],"wp:attachment":[{"href":"https:\/\/oceatlan.es\/en\/wp-json\/wp\/v2\/media?parent=9678"}],"wp:term":[{"taxonomy":"product_brand","embeddable":true,"href":"https:\/\/oceatlan.es\/en\/wp-json\/wp\/v2\/product_brand?post=9678"},{"taxonomy":"product_cat","embeddable":true,"href":"https:\/\/oceatlan.es\/en\/wp-json\/wp\/v2\/product_cat?post=9678"},{"taxonomy":"product_tag","embeddable":true,"href":"https:\/\/oceatlan.es\/en\/wp-json\/wp\/v2\/product_tag?post=9678"}],"curies":[{"name":"wp","href":"https:\/\/api.w.org\/{rel}","templated":true}]}}