{"id":9683,"date":"2025-05-30T06:52:16","date_gmt":"2025-05-30T06:52:16","guid":{"rendered":"https:\/\/oceatlan.es\/?post_type=product&#038;p=9683"},"modified":"2025-05-30T07:20:30","modified_gmt":"2025-05-30T07:20:30","slug":"suplementos-de-micoterapia-estandarizada","status":"publish","type":"product","link":"https:\/\/oceatlan.es\/en\/product\/suplementos-de-micoterapia-estandarizada\/","title":{"rendered":"Suplementos de Micoterapia Estandarizada"},"content":{"rendered":"<p data-start=\"1123\" data-end=\"1201\"><strong data-start=\"1127\" data-end=\"1201\">Suplementos de Micoterapia Estandarizada (Reishi, Cordyceps, Hericium)<\/strong><\/p>\n<p data-start=\"1203\" data-end=\"1557\">Incorpora el poder de los hongos medicinales a tu rutina diaria con nuestra l\u00ednea de <strong data-start=\"1288\" data-end=\"1317\">micoterapia estandarizada<\/strong>, basada en extractos de alta calidad y <strong data-start=\"1357\" data-end=\"1394\">respaldo cient\u00edfico internacional<\/strong>. Cada suplemento contiene principios activos (\u03b2-glucanos, triterpenos, erinacinas, etc.) en dosis efectivas, y est\u00e1 <strong data-start=\"1511\" data-end=\"1556\">formulado por expertos en salud funcional<\/strong>.<\/p>\n<p data-start=\"1559\" data-end=\"1585\"><strong data-start=\"1559\" data-end=\"1585\">Caracter\u00edsticas clave:<\/strong><\/p>\n<ul data-start=\"1586\" data-end=\"2053\">\n<li data-start=\"1586\" data-end=\"1681\">\n<p data-start=\"1588\" data-end=\"1681\"><strong data-start=\"1588\" data-end=\"1620\">Estandarizaci\u00f3n Garantizada:<\/strong> Concentraci\u00f3n precisa de compuestos activos en cada c\u00e1psula.<\/p>\n<\/li>\n<li data-start=\"1682\" data-end=\"1805\">\n<p data-start=\"1684\" data-end=\"1805\"><strong data-start=\"1684\" data-end=\"1717\">Hongos con Evidencia Cl\u00ednica:<\/strong> Reishi (sistema inmune), Cordyceps (energ\u00eda y oxigenaci\u00f3n), Hericium (neuroprotecci\u00f3n).<\/p>\n<\/li>\n<li data-start=\"1806\" data-end=\"1877\">\n<p data-start=\"1808\" data-end=\"1877\"><strong data-start=\"1808\" data-end=\"1838\">Sin Aditivos Innecesarios:<\/strong> F\u00f3rmulas limpias, veganas y trazables.<\/p>\n<\/li>\n<li data-start=\"1878\" data-end=\"1970\">\n<p data-start=\"1880\" data-end=\"1970\"><strong data-start=\"1880\" data-end=\"1907\">Gu\u00edas de Uso Incluidas:<\/strong> Dosis, combinaciones y duraci\u00f3n recomendada seg\u00fan cada perfil.<\/p>\n<\/li>\n<li data-start=\"1971\" data-end=\"2053\">\n<p data-start=\"1973\" data-end=\"2053\"><strong data-start=\"1973\" data-end=\"1996\">Formaci\u00f3n Opcional:<\/strong> Acceso a cursos breves de micoterapia basada en ciencia.<\/p>\n<\/li>\n<\/ul>\n<p data-start=\"2055\" data-end=\"2132\">No todos los suplementos son iguales. Aqu\u00ed, la evidencia marca la diferencia.<\/p>","protected":false},"excerpt":{"rendered":"<p data-start=\"1123\" data-end=\"1201\">Suplementos de Micoterapia Estandarizada (Reishi, Cordyceps, Hericium)<\/p>\n<p data-start=\"1203\" data-end=\"1557\">Incorpora el poder de los hongos medicinales a tu rutina diaria con nuestra l\u00ednea de <strong data-start=\"1288\" data-end=\"1317\">micoterapia estandarizada<\/strong>, basada en extractos de alta calidad y <strong data-start=\"1357\" data-end=\"1394\">respaldo cient\u00edfico internacional<\/strong>. Cada suplemento contiene principios activos (\u03b2-glucanos, triterpenos, erinacinas, etc.) en dosis efectivas, y est\u00e1 <strong data-start=\"1511\" data-end=\"1556\">formulado por expertos en salud funcional<\/strong>.<\/p>","protected":false},"featured_media":9691,"template":"","meta":{"give_campaign_id":0,"_monsterinsights_skip_tracking":false,"_monsterinsights_sitenote_active":false,"_monsterinsights_sitenote_note":"","_monsterinsights_sitenote_category":0},"product_brand":[],"product_cat":[47],"product_tag":[],"class_list":{"0":"post-9683","1":"product","2":"type-product","3":"status-publish","4":"has-post-thumbnail","6":"product_cat-salud-cultivable-y-funcional","8":"first","9":"instock","10":"featured","11":"shipping-taxable","12":"purchasable","13":"product-type-simple"},"aioseo_notices":[],"_links":{"self":[{"href":"https:\/\/oceatlan.es\/en\/wp-json\/wp\/v2\/product\/9683","targetHints":{"allow":["GET"]}}],"collection":[{"href":"https:\/\/oceatlan.es\/en\/wp-json\/wp\/v2\/product"}],"about":[{"href":"https:\/\/oceatlan.es\/en\/wp-json\/wp\/v2\/types\/product"}],"wp:featuredmedia":[{"embeddable":true,"href":"https:\/\/oceatlan.es\/en\/wp-json\/wp\/v2\/media\/9691"}],"wp:attachment":[{"href":"https:\/\/oceatlan.es\/en\/wp-json\/wp\/v2\/media?parent=9683"}],"wp:term":[{"taxonomy":"product_brand","embeddable":true,"href":"https:\/\/oceatlan.es\/en\/wp-json\/wp\/v2\/product_brand?post=9683"},{"taxonomy":"product_cat","embeddable":true,"href":"https:\/\/oceatlan.es\/en\/wp-json\/wp\/v2\/product_cat?post=9683"},{"taxonomy":"product_tag","embeddable":true,"href":"https:\/\/oceatlan.es\/en\/wp-json\/wp\/v2\/product_tag?post=9683"}],"curies":[{"name":"wp","href":"https:\/\/api.w.org\/{rel}","templated":true}]}}